{"id":228,"date":"2019-03-03T16:31:55","date_gmt":"2019-03-03T15:31:55","guid":{"rendered":"https:\/\/ferme-cacheterie.com\/cacheterie\/?post_type=product&#038;p=228"},"modified":"2022-05-26T13:23:57","modified_gmt":"2022-05-26T11:23:57","slug":"laine-violette","status":"publish","type":"product","link":"https:\/\/ferme-cacheterie.com\/cacheterie\/produit\/laine-violette\/","title":{"rendered":"Laine Violette"},"content":{"rendered":"<p>Nous tricotons pour vous ! Envoyez-nous vos projets de b\u00e9rets, ponchos, gilets ou pulls et nous les r\u00e9alisons pour vous.<\/p>\n<p>Nous avons arr\u00eat\u00e9 l&rsquo;\u00e9levage de moutons, il n&rsquo;y aura bient\u00f4t plus de laine, profitez des derniers \u00e9cheveaux.<\/p>\n<p>&nbsp;<\/p>\n","protected":false},"excerpt":{"rendered":"<p><strong>\u00e9cheveau de 100g<\/strong><\/p>\n<ul>\n<li>Aiguille n\u00b07<\/li>\n<li>Couleur : violet<\/li>\n<\/ul>\n<p>le 7\u00e8 \u00e9cheveau est offert.<\/p>\n<p>D&rsquo;autres coloris sont disponibles<\/p>\n","protected":false},"featured_media":229,"template":"","meta":{"_seopress_robots_primary_cat":"none"},"product_cat":[23],"product_tag":[59,60,53,54,50,58,51],"_links":{"self":[{"href":"https:\/\/ferme-cacheterie.com\/cacheterie\/wp-json\/wp\/v2\/product\/228"}],"collection":[{"href":"https:\/\/ferme-cacheterie.com\/cacheterie\/wp-json\/wp\/v2\/product"}],"about":[{"href":"https:\/\/ferme-cacheterie.com\/cacheterie\/wp-json\/wp\/v2\/types\/product"}],"wp:featuredmedia":[{"embeddable":true,"href":"https:\/\/ferme-cacheterie.com\/cacheterie\/wp-json\/wp\/v2\/media\/229"}],"wp:attachment":[{"href":"https:\/\/ferme-cacheterie.com\/cacheterie\/wp-json\/wp\/v2\/media?parent=228"}],"wp:term":[{"taxonomy":"product_cat","embeddable":true,"href":"https:\/\/ferme-cacheterie.com\/cacheterie\/wp-json\/wp\/v2\/product_cat?post=228"},{"taxonomy":"product_tag","embeddable":true,"href":"https:\/\/ferme-cacheterie.com\/cacheterie\/wp-json\/wp\/v2\/product_tag?post=228"}],"curies":[{"name":"wp","href":"https:\/\/api.w.org\/{rel}","templated":true}]}}