{"id":223,"date":"2019-03-03T16:26:27","date_gmt":"2019-03-03T15:26:27","guid":{"rendered":"https:\/\/ferme-cacheterie.com\/cacheterie\/?post_type=product&#038;p=223"},"modified":"2022-05-26T13:25:21","modified_gmt":"2022-05-26T11:25:21","slug":"laine-mauve","status":"publish","type":"product","link":"https:\/\/ferme-cacheterie.com\/cacheterie\/produit\/laine-mauve\/","title":{"rendered":"Laine Mauve"},"content":{"rendered":"<p>Nous tricotons pour vous ! Envoyez-nous vos projets de pulls, gilets, ponchos ou b\u00e9rets et nous les r\u00e9alisons pour vous.<\/p>\n<p>Nous avons cess\u00e9 l&rsquo;activit\u00e9 d&rsquo;\u00e9levage des moutons, nous n&rsquo;aurons bient\u00f4t plus de laine. Profitez des derniers \u00e9cheveaux.<\/p>\n<p>&nbsp;<\/p>\n","protected":false},"excerpt":{"rendered":"<p>\u00e9cheveau de 100g<\/p>\n<p>Aiguille n\u00b07<\/p>\n<p>Couleur : mauve<\/p>\n<p>le 7\u00e8 \u00e9cheveau est offert.<\/p>\n<p>D&rsquo;autres coloris sont disponibles<\/p>\n","protected":false},"featured_media":225,"template":"","meta":{"_seopress_robots_primary_cat":"none"},"product_cat":[23],"product_tag":[59,60,53,54,50,58,51],"_links":{"self":[{"href":"https:\/\/ferme-cacheterie.com\/cacheterie\/wp-json\/wp\/v2\/product\/223"}],"collection":[{"href":"https:\/\/ferme-cacheterie.com\/cacheterie\/wp-json\/wp\/v2\/product"}],"about":[{"href":"https:\/\/ferme-cacheterie.com\/cacheterie\/wp-json\/wp\/v2\/types\/product"}],"wp:featuredmedia":[{"embeddable":true,"href":"https:\/\/ferme-cacheterie.com\/cacheterie\/wp-json\/wp\/v2\/media\/225"}],"wp:attachment":[{"href":"https:\/\/ferme-cacheterie.com\/cacheterie\/wp-json\/wp\/v2\/media?parent=223"}],"wp:term":[{"taxonomy":"product_cat","embeddable":true,"href":"https:\/\/ferme-cacheterie.com\/cacheterie\/wp-json\/wp\/v2\/product_cat?post=223"},{"taxonomy":"product_tag","embeddable":true,"href":"https:\/\/ferme-cacheterie.com\/cacheterie\/wp-json\/wp\/v2\/product_tag?post=223"}],"curies":[{"name":"wp","href":"https:\/\/api.w.org\/{rel}","templated":true}]}}