{"id":85,"date":"2018-11-19T19:32:54","date_gmt":"2018-11-19T18:32:54","guid":{"rendered":"http:\/\/ferme-cacheterie.com\/cacheterie\/?page_id=85"},"modified":"2025-02-17T11:02:02","modified_gmt":"2025-02-17T10:02:02","slug":"accueil","status":"publish","type":"page","link":"https:\/\/ferme-cacheterie.com\/cacheterie\/","title":{"rendered":"Accueil"},"content":{"rendered":"\n<div class=\"is-layout-flex wp-container-3 wp-block-columns has-2-columns\">\n<div class=\"is-layout-flow wp-block-column\">\n<h2 class=\"has-text-align-center\">Nos actus<\/h2>\n\n\n        <div data-options='{&quot;id&quot;:&quot;327&quot;,&quot;lazy_load&quot;:&quot;no&quot;,&quot;masonry_enable&quot;:&quot;yes&quot;,&quot;view_type&quot;:&quot;grid&quot;}' id=\"post-grid-327\" class=\"post-grid grid\">\n                <div class=\"grid-items\">\n            <div class=\"item item-1153 skin flat even 0 \">\n                <div class=\"layer-wrapper layout-950\">\n                <div class=\"layer-media element_1587187627902\" id=\"\">\n        <div class=\"element element_1587190790308  element-media \">\n        <a target=\"_self\" href=\"https:\/\/ferme-cacheterie.com\/cacheterie\/2022\/05\/26\/les-fraises-de-la-ferme\/\"><img width=\"768\" height=\"1024\" src=\"https:\/\/ferme-cacheterie.com\/cacheterie\/wp-content\/uploads\/2022\/05\/fraises-768x1024.jpg\" class=\"attachment-large size-large wp-post-image\" alt=\"les fraises de la ferme de la cacheterie\" decoding=\"async\" loading=\"lazy\" srcset=\"https:\/\/ferme-cacheterie.com\/cacheterie\/wp-content\/uploads\/2022\/05\/fraises-768x1024.jpg 768w, https:\/\/ferme-cacheterie.com\/cacheterie\/wp-content\/uploads\/2022\/05\/fraises-225x300.jpg 225w, https:\/\/ferme-cacheterie.com\/cacheterie\/wp-content\/uploads\/2022\/05\/fraises-1152x1536.jpg 1152w, https:\/\/ferme-cacheterie.com\/cacheterie\/wp-content\/uploads\/2022\/05\/fraises-600x800.jpg 600w, https:\/\/ferme-cacheterie.com\/cacheterie\/wp-content\/uploads\/2022\/05\/fraises.jpg 1536w\" sizes=\"(max-width: 768px) 100vw, 768px\" \/><\/a>\n\n    <\/div>\n    <\/div>\n    <div class=\"layer-content element_1587187714568\" id=\"\">\n        <div class=\"element element_1587187895341  title \">\n                    <a target=\"_blank\" href=\"https:\/\/ferme-cacheterie.com\/cacheterie\/2022\/05\/26\/les-fraises-de-la-ferme\/\">Les fraises<\/a>\n\n        \n\n    <\/div>\n    <div class=\"element element_1587187729822  excerpt \">\n        Disponibles au distributeur tous les jours de la semaine, et \u00e0 la boutique l aux horaires d'ouverture. Au fil de la saison, retrouvez \u00e9galement les l\u00e9gumes de saison : tomates, courgettes, asperges, haricots, etc...                    <a target=\"_self\" href=\"https:\/\/ferme-cacheterie.com\/cacheterie\/2022\/05\/26\/les-fraises-de-la-ferme\/\">Lire la suite<\/a>\n            <\/div>\n    <\/div>\n        <\/div>\n    <\/div><div class=\"item item-329 skin flat odd 1 \">\n                <div class=\"layer-wrapper layout-950\">\n                <div class=\"layer-media element_1587187627902\" id=\"\">\n        <div class=\"element element_1587190790308  element-media \">\n        <a target=\"_self\" href=\"https:\/\/ferme-cacheterie.com\/cacheterie\/2022\/03\/20\/saison-des-asperges\/\"><img width=\"768\" height=\"1024\" src=\"https:\/\/ferme-cacheterie.com\/cacheterie\/wp-content\/uploads\/2022\/03\/asperges-botte-768x1024.jpg\" class=\"attachment-large size-large wp-post-image\" alt=\"les asperges de la ferme de la cacheterie\" decoding=\"async\" loading=\"lazy\" srcset=\"https:\/\/ferme-cacheterie.com\/cacheterie\/wp-content\/uploads\/2022\/03\/asperges-botte-768x1024.jpg 768w, https:\/\/ferme-cacheterie.com\/cacheterie\/wp-content\/uploads\/2022\/03\/asperges-botte-225x300.jpg 225w, https:\/\/ferme-cacheterie.com\/cacheterie\/wp-content\/uploads\/2022\/03\/asperges-botte-1152x1536.jpg 1152w, https:\/\/ferme-cacheterie.com\/cacheterie\/wp-content\/uploads\/2022\/03\/asperges-botte-600x800.jpg 600w, https:\/\/ferme-cacheterie.com\/cacheterie\/wp-content\/uploads\/2022\/03\/asperges-botte.jpg 1536w\" sizes=\"(max-width: 768px) 100vw, 768px\" \/><\/a>\n\n    <\/div>\n    <\/div>\n    <div class=\"layer-content element_1587187714568\" id=\"\">\n        <div class=\"element element_1587187895341  title \">\n                    <a target=\"_blank\" href=\"https:\/\/ferme-cacheterie.com\/cacheterie\/2022\/03\/20\/saison-des-asperges\/\">La saison des asperges<\/a>\n\n        \n\n    <\/div>\n    <div class=\"element element_1587187729822  excerpt \">\n        Comme chaque ann\u00e9e la vente des asperges se d\u00e9roule d'avril \u00e0 juin. horaires: Jeudi de 14h \u00e0 18h. Vendredi et samedi : 9h30 \u00e0 12h et 14h \u00e0 18h. Un distributeur automatique est \u00e0 votre disposition \u00e0 l'entr\u00e9e de la                    <a target=\"_self\" href=\"https:\/\/ferme-cacheterie.com\/cacheterie\/2022\/03\/20\/saison-des-asperges\/\">Lire la suite<\/a>\n            <\/div>\n    <\/div>\n        <\/div>\n    <\/div><div class=\"item item-1084 skin flat even 2 \">\n                <div class=\"layer-wrapper layout-950\">\n                <div class=\"layer-media element_1587187627902\" id=\"\">\n        <div class=\"element element_1587190790308  element-media \">\n        <a target=\"_self\" href=\"https:\/\/ferme-cacheterie.com\/cacheterie\/2021\/09\/26\/nouveau-en-2021-les-legumes-de-saison\/\"><img width=\"640\" height=\"480\" src=\"https:\/\/ferme-cacheterie.com\/cacheterie\/wp-content\/uploads\/2021\/09\/panier_legumes.jpg\" class=\"attachment-large size-large wp-post-image\" alt=\"panier de l\u00e9gumes maricher cacheterie fleury la foret\" decoding=\"async\" loading=\"lazy\" srcset=\"https:\/\/ferme-cacheterie.com\/cacheterie\/wp-content\/uploads\/2021\/09\/panier_legumes.jpg 640w, https:\/\/ferme-cacheterie.com\/cacheterie\/wp-content\/uploads\/2021\/09\/panier_legumes-300x225.jpg 300w, https:\/\/ferme-cacheterie.com\/cacheterie\/wp-content\/uploads\/2021\/09\/panier_legumes-600x450.jpg 600w\" sizes=\"(max-width: 640px) 100vw, 640px\" \/><\/a>\n\n    <\/div>\n    <\/div>\n    <div class=\"layer-content element_1587187714568\" id=\"\">\n        <div class=\"element element_1587187895341  title \">\n                    <a target=\"_blank\" href=\"https:\/\/ferme-cacheterie.com\/cacheterie\/2021\/09\/26\/nouveau-en-2021-les-legumes-de-saison\/\">.<\/a>\n\n        \n\n    <\/div>\n    <div class=\"element element_1587187729822  excerpt \">\n                            <a target=\"_self\" href=\"https:\/\/ferme-cacheterie.com\/cacheterie\/2021\/09\/26\/nouveau-en-2021-les-legumes-de-saison\/\">Lire la suite<\/a>\n            <\/div>\n    <\/div>\n        <\/div>\n    <\/div>        <\/div>\n            <style type=\"text\/css\">\n            .layout-950 .element_1587187627902 {\n                            }\n\n                    <\/style>\n        <style type=\"text\/css\">\n        .layout-950 .element_1587190790308 {\n            overflow: hidden;\n                    }\n\n        .layout-950 .element_1587190790308 img {\n            max-width: 100%;\n            height: auto;\n        }\n\n        @media only screen and (min-width: 1024px) {\n            .layout-950 .element_1587190790308 {\n                height: 150px;\n                            }\n        }\n\n        @media only screen and (min-width: 768px) and (max-width: 1023px) {\n            .layout-950 .element_1587190790308 {\n                height: auto;\n                            }\n        }\n\n        @media only screen and (min-width: 0px) and (max-width: 767px) {\n            .layout-950 .element_1587190790308 {\n                height: auto;\n                            }\n        }\n    <\/style>\n        <style type=\"text\/css\">\n            .layout-950 .element_1587187714568 {\n                margin: 10px;\n                            }\n\n                    <\/style>\n        <style type=\"text\/css\">\n        .layout-950 .element_1587187895341 {\n            font-size: 18px;\n            margin: 5px 0px;\n            text-align: left;\n                    }\n\n        .layout-950 .element_1587187895341 a {\n            font-size: 18px;\n            margin: 5px 0px;\n            text-align: left;\n                    }\n    <\/style>\n    <style type=\"text\/css\">\n        .layout-950 .element_1587187729822 {\n            font-size: 13px;\n            margin: 0px 0px;\n            text-align: left;\n                    }\n\n        .layout-950 .element_1587187729822 a {\n            font-size: 13px;\n                    }\n    <\/style>\n            <style type=\"text\/css\">\n            \/*Write your CSS code here*\/\r\n#post-grid-327 .element_1 {\r\nfont-size: 0.75em;\r\n}        <\/style>\n    \n\n            <style type=\"text\/css\">\n            .layout-950 a{text-decoration:none}\r\n.layout-950{vertical-align:top}\r\n.layout-950 .layer-content{padding:10px}        <\/style>\n        <script>\n                    \/*Write your js code here*\/        \n            <\/script>\n        <style type=\"text\/css\">\n        #post-grid-327 {\n            padding: 10px;\n            background-color: #fff;\n            background-image: url(https:\/\/ferme-cacheterie.com\/cacheterie\/wp-content\/plugins\/post-grid\/assets\/admin\/bg\/dimension.png);\n                    }\n\n        #post-grid-327 .item {\n            \/*             margin:;\n         *\/\n            padding: 0px;\n            background: #fff;\n                    }\n\n        #post-grid-327 .item .layer-media {\n            max-height:150px;        }\n\n        @media only screen and (min-width: 0px) and (max-width: 767px) {\n            #post-grid-327 .grid-items {\n                text-align: center;\n                ;\n\n            }\n\n            #post-grid-327 .item {\n                width: 90%;\n                margin: 10px;\n                display: inline-block;\n                vertical-align: top;\n\n                height:auto;            }\n        }\n\n        @media only screen and (min-width: 768px) and (max-width: 1023px) {\n            #post-grid-327 .grid-items {\n                 text-align: center;\n                            }\n\n            #post-grid-327 .item {\n                width: 280px;\n                margin: 10px;\n                display: inline-block;\n                vertical-align: top;\n                max-height:auto;            }\n        }\n\n        @media only screen and (min-width: 1024px) {\n            #post-grid-327 .grid-items {\n                text-align: center;\n                            }\n\n            #post-grid-327 .item {\n                width: 380px;\n                display: inline-block;\n                margin: 10px;\n                vertical-align: top;\n                height:auto;            }\n        }\n\n            <\/style>\n    <\/div>\n\n<\/div>\n\n\n\n<div class=\"is-layout-flow wp-block-column\">\n<div id=\"fb-root\"><\/div>\n<script async=\"\" defer=\"\" crossorigin=\"anonymous\" src=\"https:\/\/connect.facebook.net\/fr_FR\/sdk.js#xfbml=1&amp;version=v14.0\" nonce=\"As4GlAfh\"><\/script>\n\n\n\n<div class=\"fb-page\" data-href=\"https:\/\/www.facebook.com\/FermeCacheterie\" data-tabs=\"timeline\" data-width=\"430\" data-height=\"\" data-small-header=\"true\" data-adapt-container-width=\"true\" data-hide-cover=\"false\" data-show-facepile=\"false\"><blockquote cite=\"https:\/\/www.facebook.com\/FermeCacheterie\" class=\"fb-xfbml-parse-ignore\"><a href=\"https:\/\/www.facebook.com\/FermeCacheterie\">Ferme de la cacheterie<\/a><\/blockquote><\/div>\n\n\n\n<div style=\"height:43px\" aria-hidden=\"true\" class=\"wp-block-spacer\"><\/div>\n\n\n<div class=\"wp-block-image\">\n<figure class=\"aligncenter is-resized\"><img decoding=\"async\" loading=\"lazy\" src=\"https:\/\/ferme-cacheterie.com\/cacheterie\/wp-content\/uploads\/2019\/03\/IMG_0386-1024x768.jpg\" alt=\"\" class=\"wp-image-376\" width=\"277\" height=\"207\" srcset=\"https:\/\/ferme-cacheterie.com\/cacheterie\/wp-content\/uploads\/2019\/03\/IMG_0386-1024x768.jpg 1024w, https:\/\/ferme-cacheterie.com\/cacheterie\/wp-content\/uploads\/2019\/03\/IMG_0386-300x225.jpg 300w, https:\/\/ferme-cacheterie.com\/cacheterie\/wp-content\/uploads\/2019\/03\/IMG_0386-768x576.jpg 768w, https:\/\/ferme-cacheterie.com\/cacheterie\/wp-content\/uploads\/2019\/03\/IMG_0386-600x450.jpg 600w\" sizes=\"(max-width: 277px) 100vw, 277px\" \/><\/figure><\/div>\n\n\n<h2 class=\"has-text-align-center\">Chambres d&rsquo;h\u00f4tes <br>et produits fermiers<\/h2>\n\n\n\n<p>Accueil \u00e0 la ferme, H\u00e9bergement en<strong> chambres d&rsquo;h\u00f4tes 3 \u00e9pi<\/strong>s, toute l\u2019ann\u00e9e \u00e0 <strong>Fleury-la-For\u00eat<\/strong>, \u00e0 1h40 de Paris, en <strong>Normandie <\/strong>dans <strong>l&rsquo;Eure <\/strong>(27), en plein coeur de la <strong>for\u00eat de Lyons<\/strong>, dans le pays de Lyons, proche de la <strong>vall\u00e9e de l&rsquo;Andelle<\/strong>. <br>Notre accueil est labellis\u00e9 Gites de France.<\/p>\n\n\n\n<figure class=\"wp-block-image size-full is-resized\"><img decoding=\"async\" loading=\"lazy\" src=\"https:\/\/ferme-cacheterie.com\/cacheterie\/wp-content\/uploads\/2022\/07\/gites-de-france.jpg\" alt=\"label gites de france\" class=\"wp-image-1209\" width=\"92\" height=\"92\" srcset=\"https:\/\/ferme-cacheterie.com\/cacheterie\/wp-content\/uploads\/2022\/07\/gites-de-france.jpg 168w, https:\/\/ferme-cacheterie.com\/cacheterie\/wp-content\/uploads\/2022\/07\/gites-de-france-150x150.jpg 150w, https:\/\/ferme-cacheterie.com\/cacheterie\/wp-content\/uploads\/2022\/07\/gites-de-france-100x100.jpg 100w\" sizes=\"(max-width: 92px) 100vw, 92px\" \/><\/figure>\n\n\n\n<hr class=\"wp-block-separator has-css-opacity\"\/>\n\n\n\n<h2>Distributeur de l\u00e9gumes &amp; oeufs<\/h2>\n\n\n<div class=\"wp-block-image\">\n<figure class=\"alignleft size-thumbnail\"><img decoding=\"async\" loading=\"lazy\" width=\"150\" height=\"150\" src=\"https:\/\/ferme-cacheterie.com\/cacheterie\/wp-content\/uploads\/2022\/05\/distributeur-150x150.jpg\" alt=\"distributeur l\u00e9gumes oeufs ferme de la cacheterie\" class=\"wp-image-1163\" srcset=\"https:\/\/ferme-cacheterie.com\/cacheterie\/wp-content\/uploads\/2022\/05\/distributeur-150x150.jpg 150w, https:\/\/ferme-cacheterie.com\/cacheterie\/wp-content\/uploads\/2022\/05\/distributeur-510x510.jpg 510w, https:\/\/ferme-cacheterie.com\/cacheterie\/wp-content\/uploads\/2022\/05\/distributeur-300x300.jpg 300w, https:\/\/ferme-cacheterie.com\/cacheterie\/wp-content\/uploads\/2022\/05\/distributeur-100x100.jpg 100w\" sizes=\"(max-width: 150px) 100vw, 150px\" \/><\/figure><\/div>\n\n\n<p>Retrouvez des produits fermiers et nos oeufs <strong>tous les jours<\/strong> dans le distributeur automatique situ\u00e9 \u00e0 l&rsquo;entr\u00e9e de la ferme.<\/p>\n<\/div>\n<\/div>\n\n\n\n<hr class=\"wp-block-separator has-css-opacity\"\/>\n","protected":false},"excerpt":{"rendered":"<p>Nos actus Ferme de la cacheterie Chambres d&rsquo;h\u00f4tes et produits fermiers Accueil \u00e0 la ferme, H\u00e9bergement en chambres d&rsquo;h\u00f4tes 3 \u00e9pis, toute l\u2019ann\u00e9e \u00e0 Fleury-la-For\u00eat, \u00e0 1h40 de Paris, en Normandie dans l&rsquo;Eure (27), en plein coeur de la for\u00eat de Lyons, dans le pays de Lyons, proche de la vall\u00e9e de l&rsquo;Andelle. Notre accueil [&hellip;]<\/p>\n","protected":false},"author":1,"featured_media":687,"parent":0,"menu_order":0,"comment_status":"closed","ping_status":"closed","template":"","meta":{"_seopress_robots_primary_cat":""},"_links":{"self":[{"href":"https:\/\/ferme-cacheterie.com\/cacheterie\/wp-json\/wp\/v2\/pages\/85"}],"collection":[{"href":"https:\/\/ferme-cacheterie.com\/cacheterie\/wp-json\/wp\/v2\/pages"}],"about":[{"href":"https:\/\/ferme-cacheterie.com\/cacheterie\/wp-json\/wp\/v2\/types\/page"}],"author":[{"embeddable":true,"href":"https:\/\/ferme-cacheterie.com\/cacheterie\/wp-json\/wp\/v2\/users\/1"}],"replies":[{"embeddable":true,"href":"https:\/\/ferme-cacheterie.com\/cacheterie\/wp-json\/wp\/v2\/comments?post=85"}],"version-history":[{"count":63,"href":"https:\/\/ferme-cacheterie.com\/cacheterie\/wp-json\/wp\/v2\/pages\/85\/revisions"}],"predecessor-version":[{"id":1289,"href":"https:\/\/ferme-cacheterie.com\/cacheterie\/wp-json\/wp\/v2\/pages\/85\/revisions\/1289"}],"wp:featuredmedia":[{"embeddable":true,"href":"https:\/\/ferme-cacheterie.com\/cacheterie\/wp-json\/wp\/v2\/media\/687"}],"wp:attachment":[{"href":"https:\/\/ferme-cacheterie.com\/cacheterie\/wp-json\/wp\/v2\/media?parent=85"}],"curies":[{"name":"wp","href":"https:\/\/api.w.org\/{rel}","templated":true}]}}