{"id":488,"date":"2019-04-17T10:50:34","date_gmt":"2019-04-17T08:50:34","guid":{"rendered":"https:\/\/ferme-cacheterie.com\/cacheterie\/?page_id=488"},"modified":"2019-04-17T11:13:27","modified_gmt":"2019-04-17T09:13:27","slug":"plan-du-site","status":"publish","type":"page","link":"https:\/\/ferme-cacheterie.com\/cacheterie\/plan-du-site\/","title":{"rendered":"Plan du site"},"content":{"rendered":"\n<p>Voici toutes les pages de notre site.<\/p>\n\n\n\n<p>N&rsquo;h\u00e9sitez pas \u00e0 nous contacter si vous ne trouvez pas l&rsquo;information que vous cherchez.<\/p>\n\n\n\n<p>Nos actualit\u00e9s<\/p>\n\n\n<ul class=\"wp-block-latest-posts__list wp-block-latest-posts\"><li><a class=\"wp-block-latest-posts__post-title\" href=\"https:\/\/ferme-cacheterie.com\/cacheterie\/2022\/05\/26\/les-fraises-de-la-ferme\/\">Les fraises<\/a><\/li>\n<li><a class=\"wp-block-latest-posts__post-title\" href=\"https:\/\/ferme-cacheterie.com\/cacheterie\/2022\/03\/20\/saison-des-asperges\/\">La saison des asperges<\/a><\/li>\n<li><a class=\"wp-block-latest-posts__post-title\" href=\"https:\/\/ferme-cacheterie.com\/cacheterie\/2021\/09\/26\/nouveau-en-2021-les-legumes-de-saison\/\">.<\/a><\/li>\n<\/ul>\n\n\n<p>Les pages de notre site :<\/p>\n\n\n\n<div class=\"is-layout-flex wp-container-3 wp-block-columns has-2-columns\">\n<div class=\"is-layout-flow wp-block-column\">\n<p><a href=\"https:\/\/ferme-cacheterie.com\/cacheterie\/les-chambres-dhotes-a-la-ferme\/\">Les chambres d&rsquo;h\u00f4tes<\/a><\/p>\n\n\n\n<p><a href=\"https:\/\/ferme-cacheterie.com\/cacheterie\/photos-des-chambres-dhotes\/\">Les photos de nos chambres d&rsquo;h\u00f4tes \u00e0 la ferme<\/a><\/p>\n\n\n\n<p><a href=\"https:\/\/ferme-cacheterie.com\/cacheterie\/latelier-chambre-n5\/\">Notre chambre n\u00b05 : l&rsquo;Atelier<\/a><\/p>\n\n\n\n<p><a href=\"https:\/\/ferme-cacheterie.com\/cacheterie\/disponibilites-des-chambres-dhotes\/\">Disponibilit\u00e9s des chambres d&rsquo;h\u00f4tes<\/a><\/p>\n\n\n\n<p><a href=\"https:\/\/ferme-cacheterie.com\/cacheterie\/reservation-en-ligne\/\">R\u00e9servation de chambres d&rsquo;h\u00f4tes<\/a><\/p>\n<\/div>\n\n\n\n<div class=\"is-layout-flow wp-block-column\">\n<p><a href=\"https:\/\/ferme-cacheterie.com\/cacheterie\/les-produits-fermiers\/\">Les produits fermiers<\/a><\/p>\n\n\n\n<p><a href=\"https:\/\/ferme-cacheterie.com\/cacheterie\/produit\/asperges-pointes-le-must\/\">Les asperges<\/a><\/p>\n\n\n\n<p><a href=\"https:\/\/ferme-cacheterie.com\/cacheterie\/la-viande-dagneau\/\">La viande d&rsquo;agneau<\/a><\/p>\n\n\n\n<p><a href=\"https:\/\/ferme-cacheterie.com\/cacheterie\/la-chenevotte-paillette-de-chanvre\/\">La ch\u00e8nevotte<\/a><\/p>\n\n\n\n<p><a href=\"https:\/\/ferme-cacheterie.com\/cacheterie\/les-oeufs\/\">Les oeufs<\/a><\/p>\n\n\n\n<p><a href=\"https:\/\/ferme-cacheterie.com\/cacheterie\/la-laine\/\">La laine<\/a><\/p>\n<\/div>\n<\/div>\n\n\n\n<p>Et aussi :<\/p>\n\n\n\n<div class=\"is-layout-flex wp-container-6 wp-block-columns has-2-columns\">\n<div class=\"is-layout-flow wp-block-column\">\n<p><a href=\"https:\/\/ferme-cacheterie.com\/cacheterie\/la-ferme\/\">La ferme<\/a><\/p>\n\n\n\n<p><a href=\"https:\/\/ferme-cacheterie.com\/cacheterie\/ou-trouver-nos-produits\/\">O\u00f9 trouver nos produits<\/a><\/p>\n<\/div>\n\n\n\n<div class=\"is-layout-flow wp-block-column\">\n<p><a href=\"https:\/\/ferme-cacheterie.com\/cacheterie\/contact\/\">Nous contacter<\/a><\/p>\n\n\n\n<p><a href=\"https:\/\/ferme-cacheterie.com\/cacheterie\/contact\/\">Plan d&rsquo;acc\u00e8s<\/a><\/p>\n<\/div>\n<\/div>\n\n\n\n<p>Nos produits fermiers :<\/p>\n\n\n<div data-block-name=\"woocommerce\/product-category\" data-categories=\"[20,23,21,19]\" data-edit-mode=\"false\" class=\"wc-block-grid wp-block-product-category wc-block-product-category has-3-columns has-multiple-rows\"><ul class=\"wc-block-grid__products\"><li class=\"wc-block-grid__product\">\n\t\t\t\t<a href=\"https:\/\/ferme-cacheterie.com\/cacheterie\/produit\/laine-noire\/\" class=\"wc-block-grid__product-link\">\n\t\t\t\t\t<div class=\"wc-block-grid__product-image\"><img width=\"300\" height=\"300\" src=\"https:\/\/ferme-cacheterie.com\/cacheterie\/wp-content\/uploads\/2019\/03\/line_noire-300x300.jpg\" class=\"attachment-woocommerce_thumbnail size-woocommerce_thumbnail\" alt=\"Laine Noire\" decoding=\"async\" loading=\"lazy\" srcset=\"https:\/\/ferme-cacheterie.com\/cacheterie\/wp-content\/uploads\/2019\/03\/line_noire-300x300.jpg 300w, https:\/\/ferme-cacheterie.com\/cacheterie\/wp-content\/uploads\/2019\/03\/line_noire-150x150.jpg 150w, https:\/\/ferme-cacheterie.com\/cacheterie\/wp-content\/uploads\/2019\/03\/line_noire-510x510.jpg 510w, https:\/\/ferme-cacheterie.com\/cacheterie\/wp-content\/uploads\/2019\/03\/line_noire-100x100.jpg 100w\" sizes=\"(max-width: 300px) 100vw, 300px\" \/><\/div>\n\t\t\t\t\t<div class=\"wc-block-grid__product-title\">Laine Noire<\/div>\n\t\t\t\t<\/a>\n\t\t\t\t\n\t\t\t\t<div class=\"wc-block-grid__product-price price\"><\/div>\n\t\t\t\t\n\t\t\t\t<div class=\"wp-block-button wc-block-grid__product-add-to-cart\"><a href=\"https:\/\/ferme-cacheterie.com\/cacheterie\/produit\/laine-noire\/\" aria-label=\"En savoir plus sur &ldquo;Laine Noire&rdquo;\" data-quantity=\"1\" data-product_id=\"235\" data-product_sku=\"\" rel=\"nofollow\" class=\"wp-block-button__link wp-element-button add_to_cart_button\">Lire la suite<\/a><\/div>\n\t\t\t<\/li><li class=\"wc-block-grid__product\">\n\t\t\t\t<a href=\"https:\/\/ferme-cacheterie.com\/cacheterie\/produit\/laine-marron\/\" class=\"wc-block-grid__product-link\">\n\t\t\t\t\t<div class=\"wc-block-grid__product-image\"><img width=\"300\" height=\"300\" src=\"https:\/\/ferme-cacheterie.com\/cacheterie\/wp-content\/uploads\/2019\/03\/IMG_1456-300x300.jpg\" class=\"attachment-woocommerce_thumbnail size-woocommerce_thumbnail\" alt=\"Laine marron\" decoding=\"async\" loading=\"lazy\" srcset=\"https:\/\/ferme-cacheterie.com\/cacheterie\/wp-content\/uploads\/2019\/03\/IMG_1456-300x300.jpg 300w, https:\/\/ferme-cacheterie.com\/cacheterie\/wp-content\/uploads\/2019\/03\/IMG_1456-150x150.jpg 150w, https:\/\/ferme-cacheterie.com\/cacheterie\/wp-content\/uploads\/2019\/03\/IMG_1456-510x510.jpg 510w, https:\/\/ferme-cacheterie.com\/cacheterie\/wp-content\/uploads\/2019\/03\/IMG_1456-100x100.jpg 100w\" sizes=\"(max-width: 300px) 100vw, 300px\" \/><\/div>\n\t\t\t\t\t<div class=\"wc-block-grid__product-title\">Laine marron<\/div>\n\t\t\t\t<\/a>\n\t\t\t\t\n\t\t\t\t<div class=\"wc-block-grid__product-price price\"><\/div>\n\t\t\t\t\n\t\t\t\t<div class=\"wp-block-button wc-block-grid__product-add-to-cart\"><a href=\"https:\/\/ferme-cacheterie.com\/cacheterie\/produit\/laine-marron\/\" aria-label=\"En savoir plus sur &ldquo;Laine marron&rdquo;\" data-quantity=\"1\" data-product_id=\"233\" data-product_sku=\"\" rel=\"nofollow\" class=\"wp-block-button__link wp-element-button add_to_cart_button\">Lire la suite<\/a><\/div>\n\t\t\t<\/li><li class=\"wc-block-grid__product\">\n\t\t\t\t<a href=\"https:\/\/ferme-cacheterie.com\/cacheterie\/produit\/laine-violette\/\" class=\"wc-block-grid__product-link\">\n\t\t\t\t\t<div class=\"wc-block-grid__product-image\"><img width=\"300\" height=\"300\" src=\"https:\/\/ferme-cacheterie.com\/cacheterie\/wp-content\/uploads\/2019\/03\/IMG_1450-300x300.jpg\" class=\"attachment-woocommerce_thumbnail size-woocommerce_thumbnail\" alt=\"Laine Violette\" decoding=\"async\" loading=\"lazy\" srcset=\"https:\/\/ferme-cacheterie.com\/cacheterie\/wp-content\/uploads\/2019\/03\/IMG_1450-300x300.jpg 300w, https:\/\/ferme-cacheterie.com\/cacheterie\/wp-content\/uploads\/2019\/03\/IMG_1450-150x150.jpg 150w, https:\/\/ferme-cacheterie.com\/cacheterie\/wp-content\/uploads\/2019\/03\/IMG_1450-510x510.jpg 510w, https:\/\/ferme-cacheterie.com\/cacheterie\/wp-content\/uploads\/2019\/03\/IMG_1450-100x100.jpg 100w\" sizes=\"(max-width: 300px) 100vw, 300px\" \/><\/div>\n\t\t\t\t\t<div class=\"wc-block-grid__product-title\">Laine Violette<\/div>\n\t\t\t\t<\/a>\n\t\t\t\t\n\t\t\t\t<div class=\"wc-block-grid__product-price price\"><\/div>\n\t\t\t\t\n\t\t\t\t<div class=\"wp-block-button wc-block-grid__product-add-to-cart\"><a href=\"https:\/\/ferme-cacheterie.com\/cacheterie\/produit\/laine-violette\/\" aria-label=\"En savoir plus sur &ldquo;Laine Violette&rdquo;\" data-quantity=\"1\" data-product_id=\"228\" data-product_sku=\"\" rel=\"nofollow\" class=\"wp-block-button__link wp-element-button add_to_cart_button\">Lire la suite<\/a><\/div>\n\t\t\t<\/li><li class=\"wc-block-grid__product\">\n\t\t\t\t<a href=\"https:\/\/ferme-cacheterie.com\/cacheterie\/produit\/laine-mauve\/\" class=\"wc-block-grid__product-link\">\n\t\t\t\t\t<div class=\"wc-block-grid__product-image\"><img width=\"300\" height=\"300\" src=\"https:\/\/ferme-cacheterie.com\/cacheterie\/wp-content\/uploads\/2019\/03\/IMG_1453-300x300.jpg\" class=\"attachment-woocommerce_thumbnail size-woocommerce_thumbnail\" alt=\"Laine Mauve\" decoding=\"async\" loading=\"lazy\" srcset=\"https:\/\/ferme-cacheterie.com\/cacheterie\/wp-content\/uploads\/2019\/03\/IMG_1453-300x300.jpg 300w, https:\/\/ferme-cacheterie.com\/cacheterie\/wp-content\/uploads\/2019\/03\/IMG_1453-150x150.jpg 150w, https:\/\/ferme-cacheterie.com\/cacheterie\/wp-content\/uploads\/2019\/03\/IMG_1453-510x510.jpg 510w, https:\/\/ferme-cacheterie.com\/cacheterie\/wp-content\/uploads\/2019\/03\/IMG_1453-100x100.jpg 100w\" sizes=\"(max-width: 300px) 100vw, 300px\" \/><\/div>\n\t\t\t\t\t<div class=\"wc-block-grid__product-title\">Laine Mauve<\/div>\n\t\t\t\t<\/a>\n\t\t\t\t\n\t\t\t\t<div class=\"wc-block-grid__product-price price\"><\/div>\n\t\t\t\t\n\t\t\t\t<div class=\"wp-block-button wc-block-grid__product-add-to-cart\"><a href=\"https:\/\/ferme-cacheterie.com\/cacheterie\/produit\/laine-mauve\/\" aria-label=\"En savoir plus sur &ldquo;Laine Mauve&rdquo;\" data-quantity=\"1\" data-product_id=\"223\" data-product_sku=\"\" rel=\"nofollow\" class=\"wp-block-button__link wp-element-button add_to_cart_button\">Lire la suite<\/a><\/div>\n\t\t\t<\/li><li class=\"wc-block-grid__product\">\n\t\t\t\t<a href=\"https:\/\/ferme-cacheterie.com\/cacheterie\/produit\/oeufs-bio\/\" class=\"wc-block-grid__product-link\">\n\t\t\t\t\t<div class=\"wc-block-grid__product-image\"><img width=\"300\" height=\"300\" src=\"https:\/\/ferme-cacheterie.com\/cacheterie\/wp-content\/uploads\/2018\/11\/oeufs01-300x300.jpg\" class=\"attachment-woocommerce_thumbnail size-woocommerce_thumbnail\" alt=\"Oeufs Bio\" decoding=\"async\" loading=\"lazy\" srcset=\"https:\/\/ferme-cacheterie.com\/cacheterie\/wp-content\/uploads\/2018\/11\/oeufs01-300x300.jpg 300w, https:\/\/ferme-cacheterie.com\/cacheterie\/wp-content\/uploads\/2018\/11\/oeufs01-100x100.jpg 100w, https:\/\/ferme-cacheterie.com\/cacheterie\/wp-content\/uploads\/2018\/11\/oeufs01-150x150.jpg 150w, https:\/\/ferme-cacheterie.com\/cacheterie\/wp-content\/uploads\/2018\/11\/oeufs01.jpg 480w\" sizes=\"(max-width: 300px) 100vw, 300px\" \/><\/div>\n\t\t\t\t\t<div class=\"wc-block-grid__product-title\">Oeufs Bio<\/div>\n\t\t\t\t<\/a>\n\t\t\t\t\n\t\t\t\t<div class=\"wc-block-grid__product-price price\"><\/div>\n\t\t\t\t\n\t\t\t\t<div class=\"wp-block-button wc-block-grid__product-add-to-cart\"><a href=\"https:\/\/ferme-cacheterie.com\/cacheterie\/produit\/oeufs-bio\/\" aria-label=\"En savoir plus sur &ldquo;Oeufs Bio&rdquo;\" data-quantity=\"1\" data-product_id=\"211\" data-product_sku=\"\" rel=\"nofollow\" class=\"wp-block-button__link wp-element-button add_to_cart_button\">Lire la suite<\/a><\/div>\n\t\t\t<\/li><li class=\"wc-block-grid__product\">\n\t\t\t\t<a href=\"https:\/\/ferme-cacheterie.com\/cacheterie\/produit\/asperges-pointes-le-must\/\" class=\"wc-block-grid__product-link\">\n\t\t\t\t\t<div class=\"wc-block-grid__product-image\"><img width=\"300\" height=\"300\" src=\"https:\/\/ferme-cacheterie.com\/cacheterie\/wp-content\/uploads\/2018\/12\/asperge03-300x300.jpg\" class=\"attachment-woocommerce_thumbnail size-woocommerce_thumbnail\" alt=\"Les asperges\" decoding=\"async\" loading=\"lazy\" srcset=\"https:\/\/ferme-cacheterie.com\/cacheterie\/wp-content\/uploads\/2018\/12\/asperge03-300x300.jpg 300w, https:\/\/ferme-cacheterie.com\/cacheterie\/wp-content\/uploads\/2018\/12\/asperge03-150x150.jpg 150w, https:\/\/ferme-cacheterie.com\/cacheterie\/wp-content\/uploads\/2018\/12\/asperge03-100x100.jpg 100w\" sizes=\"(max-width: 300px) 100vw, 300px\" \/><\/div>\n\t\t\t\t\t<div class=\"wc-block-grid__product-title\">Les asperges<\/div>\n\t\t\t\t<\/a>\n\t\t\t\t\n\t\t\t\t<div class=\"wc-block-grid__product-price price\"><\/div>\n\t\t\t\t\n\t\t\t\t<div class=\"wp-block-button wc-block-grid__product-add-to-cart\"><a href=\"https:\/\/ferme-cacheterie.com\/cacheterie\/produit\/asperges-pointes-le-must\/\" aria-label=\"En savoir plus sur &ldquo;Les asperges&rdquo;\" data-quantity=\"1\" data-product_id=\"161\" data-product_sku=\"\" rel=\"nofollow\" class=\"wp-block-button__link wp-element-button add_to_cart_button\">Lire la suite<\/a><\/div>\n\t\t\t<\/li><\/ul><\/div>","protected":false},"excerpt":{"rendered":"<p>Voici toutes les pages de notre site. N&rsquo;h\u00e9sitez pas \u00e0 nous contacter si vous ne trouvez pas l&rsquo;information que vous cherchez. Nos actualit\u00e9s Les pages de notre site : Les chambres d&rsquo;h\u00f4tes Les photos de nos chambres d&rsquo;h\u00f4tes \u00e0 la ferme Notre chambre n\u00b05 : l&rsquo;Atelier Disponibilit\u00e9s des chambres d&rsquo;h\u00f4tes R\u00e9servation de chambres d&rsquo;h\u00f4tes Les [&hellip;]<\/p>\n","protected":false},"author":1,"featured_media":0,"parent":0,"menu_order":0,"comment_status":"closed","ping_status":"closed","template":"","meta":{"_seopress_robots_primary_cat":""},"_links":{"self":[{"href":"https:\/\/ferme-cacheterie.com\/cacheterie\/wp-json\/wp\/v2\/pages\/488"}],"collection":[{"href":"https:\/\/ferme-cacheterie.com\/cacheterie\/wp-json\/wp\/v2\/pages"}],"about":[{"href":"https:\/\/ferme-cacheterie.com\/cacheterie\/wp-json\/wp\/v2\/types\/page"}],"author":[{"embeddable":true,"href":"https:\/\/ferme-cacheterie.com\/cacheterie\/wp-json\/wp\/v2\/users\/1"}],"replies":[{"embeddable":true,"href":"https:\/\/ferme-cacheterie.com\/cacheterie\/wp-json\/wp\/v2\/comments?post=488"}],"version-history":[{"count":2,"href":"https:\/\/ferme-cacheterie.com\/cacheterie\/wp-json\/wp\/v2\/pages\/488\/revisions"}],"predecessor-version":[{"id":490,"href":"https:\/\/ferme-cacheterie.com\/cacheterie\/wp-json\/wp\/v2\/pages\/488\/revisions\/490"}],"wp:attachment":[{"href":"https:\/\/ferme-cacheterie.com\/cacheterie\/wp-json\/wp\/v2\/media?parent=488"}],"curies":[{"name":"wp","href":"https:\/\/api.w.org\/{rel}","templated":true}]}}