{"id":426,"date":"2019-04-03T18:48:11","date_gmt":"2019-04-03T16:48:11","guid":{"rendered":"https:\/\/ferme-cacheterie.com\/cacheterie\/?page_id=426"},"modified":"2021-02-10T18:30:02","modified_gmt":"2021-02-10T17:30:02","slug":"photos-des-chambres-dhotes","status":"publish","type":"page","link":"https:\/\/ferme-cacheterie.com\/cacheterie\/photos-des-chambres-dhotes\/","title":{"rendered":"Photos des chambres d&rsquo;h\u00f4tes"},"content":{"rendered":"\n<p>Install\u00e9es dans un b\u00e2timent ind\u00e9pendant, chaque chambre est \u00e9quip\u00e9e d&rsquo;une salle de bain privative et de WC. Situ\u00e9es dans un environnement calme, les chambres d&rsquo;h\u00f4tes de la Ferme de la Cacheterie vous procurent un repos r\u00e9parateur et une tranquillit\u00e9 agr\u00e9able.<\/p>\n\n\n\n<p>Vous profiterez du grand jardin et vos enfants pourront jouer avec les balan\u00e7oires ou le bac \u00e0 sable, si le temps le permet&#8230; Eh oui en Normandie, les journ\u00e9es sont parfois pluvieuses. \ud83d\ude09<\/p>\n\n\n\n<p>Nos amis les chiens ne sont pas admis car nous avons d\u00e9j\u00e0 un compagnon \u00e0 quatre pattes qui ne souhaite pas partager son territoire.<\/p>\n\n\n\n<h2>Quelques photos de nos chambres :<\/h2>\n\n\n\n<div class=\"wp-block-jetpack-slideshow aligncenter\" data-effect=\"slide\"><div class=\"wp-block-jetpack-slideshow_container swiper-container\"><ul class=\"wp-block-jetpack-slideshow_swiper-wrapper swiper-wrapper\"><li class=\"wp-block-jetpack-slideshow_slide swiper-slide\"><figure><img decoding=\"async\" loading=\"lazy\" width=\"1024\" height=\"683\" alt=\"\" class=\"wp-block-jetpack-slideshow_image wp-image-980\" data-id=\"980\" src=\"https:\/\/ferme-cacheterie.com\/cacheterie\/wp-content\/uploads\/2021\/02\/CH-LAINE-2-1024x683.jpg\" srcset=\"https:\/\/ferme-cacheterie.com\/cacheterie\/wp-content\/uploads\/2021\/02\/CH-LAINE-2-1024x683.jpg 1024w, https:\/\/ferme-cacheterie.com\/cacheterie\/wp-content\/uploads\/2021\/02\/CH-LAINE-2-300x200.jpg 300w, https:\/\/ferme-cacheterie.com\/cacheterie\/wp-content\/uploads\/2021\/02\/CH-LAINE-2-768x512.jpg 768w, https:\/\/ferme-cacheterie.com\/cacheterie\/wp-content\/uploads\/2021\/02\/CH-LAINE-2-600x400.jpg 600w, https:\/\/ferme-cacheterie.com\/cacheterie\/wp-content\/uploads\/2021\/02\/CH-LAINE-2-90x60.jpg 90w, https:\/\/ferme-cacheterie.com\/cacheterie\/wp-content\/uploads\/2021\/02\/CH-LAINE-2-135x90.jpg 135w, https:\/\/ferme-cacheterie.com\/cacheterie\/wp-content\/uploads\/2021\/02\/CH-LAINE-2.jpg 1200w\" sizes=\"(max-width: 1024px) 100vw, 1024px\" \/><\/figure><\/li><li class=\"wp-block-jetpack-slideshow_slide swiper-slide\"><figure><img decoding=\"async\" loading=\"lazy\" width=\"1024\" height=\"683\" alt=\"\" class=\"wp-block-jetpack-slideshow_image wp-image-981\" data-id=\"981\" src=\"https:\/\/ferme-cacheterie.com\/cacheterie\/wp-content\/uploads\/2021\/02\/CH-LAINE-1024x683.jpg\" srcset=\"https:\/\/ferme-cacheterie.com\/cacheterie\/wp-content\/uploads\/2021\/02\/CH-LAINE-1024x683.jpg 1024w, https:\/\/ferme-cacheterie.com\/cacheterie\/wp-content\/uploads\/2021\/02\/CH-LAINE-300x200.jpg 300w, https:\/\/ferme-cacheterie.com\/cacheterie\/wp-content\/uploads\/2021\/02\/CH-LAINE-768x512.jpg 768w, https:\/\/ferme-cacheterie.com\/cacheterie\/wp-content\/uploads\/2021\/02\/CH-LAINE-600x400.jpg 600w, https:\/\/ferme-cacheterie.com\/cacheterie\/wp-content\/uploads\/2021\/02\/CH-LAINE-90x60.jpg 90w, https:\/\/ferme-cacheterie.com\/cacheterie\/wp-content\/uploads\/2021\/02\/CH-LAINE-135x90.jpg 135w, https:\/\/ferme-cacheterie.com\/cacheterie\/wp-content\/uploads\/2021\/02\/CH-LAINE.jpg 1200w\" sizes=\"(max-width: 1024px) 100vw, 1024px\" \/><\/figure><\/li><li class=\"wp-block-jetpack-slideshow_slide swiper-slide\"><figure><img decoding=\"async\" loading=\"lazy\" width=\"1024\" height=\"683\" alt=\"\" class=\"wp-block-jetpack-slideshow_image wp-image-982\" data-id=\"982\" src=\"https:\/\/ferme-cacheterie.com\/cacheterie\/wp-content\/uploads\/2021\/02\/CH-LIN-2-1024x683.jpg\" srcset=\"https:\/\/ferme-cacheterie.com\/cacheterie\/wp-content\/uploads\/2021\/02\/CH-LIN-2-1024x683.jpg 1024w, https:\/\/ferme-cacheterie.com\/cacheterie\/wp-content\/uploads\/2021\/02\/CH-LIN-2-300x200.jpg 300w, https:\/\/ferme-cacheterie.com\/cacheterie\/wp-content\/uploads\/2021\/02\/CH-LIN-2-768x512.jpg 768w, https:\/\/ferme-cacheterie.com\/cacheterie\/wp-content\/uploads\/2021\/02\/CH-LIN-2-600x400.jpg 600w, https:\/\/ferme-cacheterie.com\/cacheterie\/wp-content\/uploads\/2021\/02\/CH-LIN-2-90x60.jpg 90w, https:\/\/ferme-cacheterie.com\/cacheterie\/wp-content\/uploads\/2021\/02\/CH-LIN-2-135x90.jpg 135w, https:\/\/ferme-cacheterie.com\/cacheterie\/wp-content\/uploads\/2021\/02\/CH-LIN-2.jpg 1200w\" sizes=\"(max-width: 1024px) 100vw, 1024px\" \/><\/figure><\/li><li class=\"wp-block-jetpack-slideshow_slide swiper-slide\"><figure><img decoding=\"async\" loading=\"lazy\" width=\"1024\" height=\"683\" alt=\"\" class=\"wp-block-jetpack-slideshow_image wp-image-985\" data-id=\"985\" src=\"https:\/\/ferme-cacheterie.com\/cacheterie\/wp-content\/uploads\/2021\/02\/CH-LIN-1024x683.jpg\" srcset=\"https:\/\/ferme-cacheterie.com\/cacheterie\/wp-content\/uploads\/2021\/02\/CH-LIN-1024x683.jpg 1024w, https:\/\/ferme-cacheterie.com\/cacheterie\/wp-content\/uploads\/2021\/02\/CH-LIN-300x200.jpg 300w, https:\/\/ferme-cacheterie.com\/cacheterie\/wp-content\/uploads\/2021\/02\/CH-LIN-768x512.jpg 768w, https:\/\/ferme-cacheterie.com\/cacheterie\/wp-content\/uploads\/2021\/02\/CH-LIN-600x400.jpg 600w, https:\/\/ferme-cacheterie.com\/cacheterie\/wp-content\/uploads\/2021\/02\/CH-LIN-90x60.jpg 90w, https:\/\/ferme-cacheterie.com\/cacheterie\/wp-content\/uploads\/2021\/02\/CH-LIN-135x90.jpg 135w, https:\/\/ferme-cacheterie.com\/cacheterie\/wp-content\/uploads\/2021\/02\/CH-LIN.jpg 1200w\" sizes=\"(max-width: 1024px) 100vw, 1024px\" \/><\/figure><\/li><li class=\"wp-block-jetpack-slideshow_slide swiper-slide\"><figure><img decoding=\"async\" loading=\"lazy\" width=\"1024\" height=\"683\" alt=\"\" class=\"wp-block-jetpack-slideshow_image wp-image-986\" data-id=\"986\" src=\"https:\/\/ferme-cacheterie.com\/cacheterie\/wp-content\/uploads\/2021\/02\/CH-RETRO-2-1024x683.jpg\" srcset=\"https:\/\/ferme-cacheterie.com\/cacheterie\/wp-content\/uploads\/2021\/02\/CH-RETRO-2-1024x683.jpg 1024w, https:\/\/ferme-cacheterie.com\/cacheterie\/wp-content\/uploads\/2021\/02\/CH-RETRO-2-300x200.jpg 300w, https:\/\/ferme-cacheterie.com\/cacheterie\/wp-content\/uploads\/2021\/02\/CH-RETRO-2-768x512.jpg 768w, https:\/\/ferme-cacheterie.com\/cacheterie\/wp-content\/uploads\/2021\/02\/CH-RETRO-2-600x400.jpg 600w, https:\/\/ferme-cacheterie.com\/cacheterie\/wp-content\/uploads\/2021\/02\/CH-RETRO-2-90x60.jpg 90w, https:\/\/ferme-cacheterie.com\/cacheterie\/wp-content\/uploads\/2021\/02\/CH-RETRO-2-135x90.jpg 135w, https:\/\/ferme-cacheterie.com\/cacheterie\/wp-content\/uploads\/2021\/02\/CH-RETRO-2.jpg 1200w\" sizes=\"(max-width: 1024px) 100vw, 1024px\" \/><\/figure><\/li><li class=\"wp-block-jetpack-slideshow_slide swiper-slide\"><figure><img decoding=\"async\" loading=\"lazy\" width=\"1024\" height=\"683\" alt=\"\" class=\"wp-block-jetpack-slideshow_image wp-image-987\" data-id=\"987\" src=\"https:\/\/ferme-cacheterie.com\/cacheterie\/wp-content\/uploads\/2021\/02\/CH-RETRO-1024x683.jpg\" srcset=\"https:\/\/ferme-cacheterie.com\/cacheterie\/wp-content\/uploads\/2021\/02\/CH-RETRO-1024x683.jpg 1024w, https:\/\/ferme-cacheterie.com\/cacheterie\/wp-content\/uploads\/2021\/02\/CH-RETRO-300x200.jpg 300w, https:\/\/ferme-cacheterie.com\/cacheterie\/wp-content\/uploads\/2021\/02\/CH-RETRO-768x512.jpg 768w, https:\/\/ferme-cacheterie.com\/cacheterie\/wp-content\/uploads\/2021\/02\/CH-RETRO-600x400.jpg 600w, https:\/\/ferme-cacheterie.com\/cacheterie\/wp-content\/uploads\/2021\/02\/CH-RETRO-90x60.jpg 90w, https:\/\/ferme-cacheterie.com\/cacheterie\/wp-content\/uploads\/2021\/02\/CH-RETRO-135x90.jpg 135w, https:\/\/ferme-cacheterie.com\/cacheterie\/wp-content\/uploads\/2021\/02\/CH-RETRO.jpg 1200w\" sizes=\"(max-width: 1024px) 100vw, 1024px\" \/><\/figure><\/li><li class=\"wp-block-jetpack-slideshow_slide swiper-slide\"><figure><img decoding=\"async\" loading=\"lazy\" width=\"1024\" height=\"683\" alt=\"\" class=\"wp-block-jetpack-slideshow_image wp-image-988\" data-id=\"988\" src=\"https:\/\/ferme-cacheterie.com\/cacheterie\/wp-content\/uploads\/2021\/02\/DETAIL-CH-LAINE-1024x683.jpg\" srcset=\"https:\/\/ferme-cacheterie.com\/cacheterie\/wp-content\/uploads\/2021\/02\/DETAIL-CH-LAINE-1024x683.jpg 1024w, https:\/\/ferme-cacheterie.com\/cacheterie\/wp-content\/uploads\/2021\/02\/DETAIL-CH-LAINE-300x200.jpg 300w, https:\/\/ferme-cacheterie.com\/cacheterie\/wp-content\/uploads\/2021\/02\/DETAIL-CH-LAINE-768x512.jpg 768w, https:\/\/ferme-cacheterie.com\/cacheterie\/wp-content\/uploads\/2021\/02\/DETAIL-CH-LAINE-600x400.jpg 600w, https:\/\/ferme-cacheterie.com\/cacheterie\/wp-content\/uploads\/2021\/02\/DETAIL-CH-LAINE-90x60.jpg 90w, https:\/\/ferme-cacheterie.com\/cacheterie\/wp-content\/uploads\/2021\/02\/DETAIL-CH-LAINE-135x90.jpg 135w, https:\/\/ferme-cacheterie.com\/cacheterie\/wp-content\/uploads\/2021\/02\/DETAIL-CH-LAINE.jpg 1200w\" sizes=\"(max-width: 1024px) 100vw, 1024px\" \/><\/figure><\/li><li class=\"wp-block-jetpack-slideshow_slide swiper-slide\"><figure><img decoding=\"async\" loading=\"lazy\" width=\"1024\" height=\"683\" alt=\"\" class=\"wp-block-jetpack-slideshow_image wp-image-989\" data-id=\"989\" src=\"https:\/\/ferme-cacheterie.com\/cacheterie\/wp-content\/uploads\/2021\/02\/IMG_2582-1024x683.jpg\" srcset=\"https:\/\/ferme-cacheterie.com\/cacheterie\/wp-content\/uploads\/2021\/02\/IMG_2582-1024x683.jpg 1024w, https:\/\/ferme-cacheterie.com\/cacheterie\/wp-content\/uploads\/2021\/02\/IMG_2582-300x200.jpg 300w, https:\/\/ferme-cacheterie.com\/cacheterie\/wp-content\/uploads\/2021\/02\/IMG_2582-768x512.jpg 768w, https:\/\/ferme-cacheterie.com\/cacheterie\/wp-content\/uploads\/2021\/02\/IMG_2582-600x400.jpg 600w, https:\/\/ferme-cacheterie.com\/cacheterie\/wp-content\/uploads\/2021\/02\/IMG_2582-90x60.jpg 90w, https:\/\/ferme-cacheterie.com\/cacheterie\/wp-content\/uploads\/2021\/02\/IMG_2582-135x90.jpg 135w, https:\/\/ferme-cacheterie.com\/cacheterie\/wp-content\/uploads\/2021\/02\/IMG_2582.jpg 1199w\" sizes=\"(max-width: 1024px) 100vw, 1024px\" \/><\/figure><\/li><li class=\"wp-block-jetpack-slideshow_slide swiper-slide\"><figure><img decoding=\"async\" loading=\"lazy\" width=\"1024\" height=\"689\" alt=\"\" class=\"wp-block-jetpack-slideshow_image wp-image-990\" data-id=\"990\" src=\"https:\/\/ferme-cacheterie.com\/cacheterie\/wp-content\/uploads\/2021\/02\/SDE-CH-LAINE-1024x689.jpg\" srcset=\"https:\/\/ferme-cacheterie.com\/cacheterie\/wp-content\/uploads\/2021\/02\/SDE-CH-LAINE-1024x689.jpg 1024w, https:\/\/ferme-cacheterie.com\/cacheterie\/wp-content\/uploads\/2021\/02\/SDE-CH-LAINE-300x202.jpg 300w, https:\/\/ferme-cacheterie.com\/cacheterie\/wp-content\/uploads\/2021\/02\/SDE-CH-LAINE-768x517.jpg 768w, https:\/\/ferme-cacheterie.com\/cacheterie\/wp-content\/uploads\/2021\/02\/SDE-CH-LAINE-600x404.jpg 600w, https:\/\/ferme-cacheterie.com\/cacheterie\/wp-content\/uploads\/2021\/02\/SDE-CH-LAINE-89x60.jpg 89w, https:\/\/ferme-cacheterie.com\/cacheterie\/wp-content\/uploads\/2021\/02\/SDE-CH-LAINE-134x90.jpg 134w, https:\/\/ferme-cacheterie.com\/cacheterie\/wp-content\/uploads\/2021\/02\/SDE-CH-LAINE.jpg 1189w\" sizes=\"(max-width: 1024px) 100vw, 1024px\" \/><\/figure><\/li><li class=\"wp-block-jetpack-slideshow_slide swiper-slide\"><figure><img decoding=\"async\" loading=\"lazy\" width=\"1024\" height=\"683\" alt=\"\" class=\"wp-block-jetpack-slideshow_image wp-image-991\" data-id=\"991\" src=\"https:\/\/ferme-cacheterie.com\/cacheterie\/wp-content\/uploads\/2021\/02\/SDE-CH-LIN-1024x683.jpg\" srcset=\"https:\/\/ferme-cacheterie.com\/cacheterie\/wp-content\/uploads\/2021\/02\/SDE-CH-LIN-1024x683.jpg 1024w, https:\/\/ferme-cacheterie.com\/cacheterie\/wp-content\/uploads\/2021\/02\/SDE-CH-LIN-300x200.jpg 300w, https:\/\/ferme-cacheterie.com\/cacheterie\/wp-content\/uploads\/2021\/02\/SDE-CH-LIN-768x512.jpg 768w, https:\/\/ferme-cacheterie.com\/cacheterie\/wp-content\/uploads\/2021\/02\/SDE-CH-LIN-600x400.jpg 600w, https:\/\/ferme-cacheterie.com\/cacheterie\/wp-content\/uploads\/2021\/02\/SDE-CH-LIN-90x60.jpg 90w, https:\/\/ferme-cacheterie.com\/cacheterie\/wp-content\/uploads\/2021\/02\/SDE-CH-LIN-135x90.jpg 135w, https:\/\/ferme-cacheterie.com\/cacheterie\/wp-content\/uploads\/2021\/02\/SDE-CH-LIN.jpg 1200w\" sizes=\"(max-width: 1024px) 100vw, 1024px\" \/><\/figure><\/li><li class=\"wp-block-jetpack-slideshow_slide swiper-slide\"><figure><img decoding=\"async\" loading=\"lazy\" width=\"1024\" height=\"683\" alt=\"\" class=\"wp-block-jetpack-slideshow_image wp-image-993\" data-id=\"993\" src=\"https:\/\/ferme-cacheterie.com\/cacheterie\/wp-content\/uploads\/2021\/02\/SDE-CH-RETRO-1024x683.jpg\" srcset=\"https:\/\/ferme-cacheterie.com\/cacheterie\/wp-content\/uploads\/2021\/02\/SDE-CH-RETRO-1024x683.jpg 1024w, https:\/\/ferme-cacheterie.com\/cacheterie\/wp-content\/uploads\/2021\/02\/SDE-CH-RETRO-300x200.jpg 300w, https:\/\/ferme-cacheterie.com\/cacheterie\/wp-content\/uploads\/2021\/02\/SDE-CH-RETRO-768x512.jpg 768w, https:\/\/ferme-cacheterie.com\/cacheterie\/wp-content\/uploads\/2021\/02\/SDE-CH-RETRO-600x400.jpg 600w, https:\/\/ferme-cacheterie.com\/cacheterie\/wp-content\/uploads\/2021\/02\/SDE-CH-RETRO-90x60.jpg 90w, https:\/\/ferme-cacheterie.com\/cacheterie\/wp-content\/uploads\/2021\/02\/SDE-CH-RETRO-135x90.jpg 135w, https:\/\/ferme-cacheterie.com\/cacheterie\/wp-content\/uploads\/2021\/02\/SDE-CH-RETRO.jpg 1200w\" sizes=\"(max-width: 1024px) 100vw, 1024px\" \/><\/figure><\/li><\/ul><a class=\"wp-block-jetpack-slideshow_button-prev swiper-button-prev swiper-button-white\" role=\"button\"><\/a><a class=\"wp-block-jetpack-slideshow_button-next swiper-button-next swiper-button-white\" role=\"button\"><\/a><a aria-label=\"Pause Slideshow\" class=\"wp-block-jetpack-slideshow_button-pause\" role=\"button\"><\/a><div class=\"wp-block-jetpack-slideshow_pagination swiper-pagination swiper-pagination-white\"><\/div><\/div><\/div>\n\n\n\n<div class=\"wp-block-image\"><figure class=\"aligncenter is-resized\"><img decoding=\"async\" loading=\"lazy\" src=\"https:\/\/ferme-cacheterie.com\/cacheterie\/wp-content\/uploads\/2019\/04\/chambre01-1024x768.jpg\" alt=\"Chambres d'hotes ferme de la cacheterie Lyons la foret\" class=\"wp-image-427\" width=\"582\" height=\"437\" srcset=\"https:\/\/ferme-cacheterie.com\/cacheterie\/wp-content\/uploads\/2019\/04\/chambre01-1024x768.jpg 1024w, https:\/\/ferme-cacheterie.com\/cacheterie\/wp-content\/uploads\/2019\/04\/chambre01-300x225.jpg 300w, https:\/\/ferme-cacheterie.com\/cacheterie\/wp-content\/uploads\/2019\/04\/chambre01-768x576.jpg 768w, https:\/\/ferme-cacheterie.com\/cacheterie\/wp-content\/uploads\/2019\/04\/chambre01-600x450.jpg 600w, https:\/\/ferme-cacheterie.com\/cacheterie\/wp-content\/uploads\/2019\/04\/chambre01.jpg 1500w\" sizes=\"(max-width: 582px) 100vw, 582px\" \/><figcaption>Chambre Bois<\/figcaption><\/figure><\/div>\n\n\n\n<div class=\"wp-block-image\"><figure class=\"aligncenter is-resized\"><img decoding=\"async\" loading=\"lazy\" src=\"https:\/\/ferme-cacheterie.com\/cacheterie\/wp-content\/uploads\/2019\/04\/chambre02-768x1024.jpg\" alt=\"chambre d'hote a la ferme de la cacheterie fleury la foret lyons pays de l'andelle eure seine maritime\" class=\"wp-image-428\" width=\"581\" height=\"775\" srcset=\"https:\/\/ferme-cacheterie.com\/cacheterie\/wp-content\/uploads\/2019\/04\/chambre02-768x1024.jpg 768w, https:\/\/ferme-cacheterie.com\/cacheterie\/wp-content\/uploads\/2019\/04\/chambre02-225x300.jpg 225w, https:\/\/ferme-cacheterie.com\/cacheterie\/wp-content\/uploads\/2019\/04\/chambre02-600x800.jpg 600w, https:\/\/ferme-cacheterie.com\/cacheterie\/wp-content\/uploads\/2019\/04\/chambre02.jpg 1125w\" sizes=\"(max-width: 581px) 100vw, 581px\" \/><figcaption>Entr\u00e9e de la chambre Bois<\/figcaption><\/figure><\/div>\n\n\n\n<div class=\"wp-block-image\"><figure class=\"aligncenter is-resized\"><img decoding=\"async\" loading=\"lazy\" src=\"https:\/\/ferme-cacheterie.com\/cacheterie\/wp-content\/uploads\/2019\/04\/chambre03-1024x768.jpg\" alt=\"\" class=\"wp-image-429\" width=\"580\" height=\"435\" srcset=\"https:\/\/ferme-cacheterie.com\/cacheterie\/wp-content\/uploads\/2019\/04\/chambre03-1024x768.jpg 1024w, https:\/\/ferme-cacheterie.com\/cacheterie\/wp-content\/uploads\/2019\/04\/chambre03-300x225.jpg 300w, https:\/\/ferme-cacheterie.com\/cacheterie\/wp-content\/uploads\/2019\/04\/chambre03-768x576.jpg 768w, https:\/\/ferme-cacheterie.com\/cacheterie\/wp-content\/uploads\/2019\/04\/chambre03-600x450.jpg 600w, https:\/\/ferme-cacheterie.com\/cacheterie\/wp-content\/uploads\/2019\/04\/chambre03.jpg 1500w\" sizes=\"(max-width: 580px) 100vw, 580px\" \/><figcaption>Chambre Lin<\/figcaption><\/figure><\/div>\n\n\n\n<div class=\"wp-block-image\"><figure class=\"aligncenter is-resized\"><img decoding=\"async\" loading=\"lazy\" src=\"https:\/\/ferme-cacheterie.com\/cacheterie\/wp-content\/uploads\/2019\/04\/chambre05-1024x768.jpg\" alt=\"chambre d'hote \u00e0 la ferme de la cacheterie fleury lyons la foret\" class=\"wp-image-431\" width=\"582\" height=\"437\" srcset=\"https:\/\/ferme-cacheterie.com\/cacheterie\/wp-content\/uploads\/2019\/04\/chambre05-1024x768.jpg 1024w, https:\/\/ferme-cacheterie.com\/cacheterie\/wp-content\/uploads\/2019\/04\/chambre05-300x225.jpg 300w, https:\/\/ferme-cacheterie.com\/cacheterie\/wp-content\/uploads\/2019\/04\/chambre05-768x576.jpg 768w, https:\/\/ferme-cacheterie.com\/cacheterie\/wp-content\/uploads\/2019\/04\/chambre05-600x450.jpg 600w, https:\/\/ferme-cacheterie.com\/cacheterie\/wp-content\/uploads\/2019\/04\/chambre05.jpg 1500w\" sizes=\"(max-width: 582px) 100vw, 582px\" \/><figcaption>Entr\u00e9e de la chambre Lin<\/figcaption><\/figure><\/div>\n\n\n\n<div class=\"wp-block-image\"><figure class=\"aligncenter is-resized\"><img decoding=\"async\" loading=\"lazy\" src=\"https:\/\/ferme-cacheterie.com\/cacheterie\/wp-content\/uploads\/2019\/04\/ch4bois_01-1024x768.jpg\" alt=\"chambre d'hotes ferme de la cacheterie ferme authentique chambres au calme\" class=\"wp-image-462\" width=\"581\" height=\"436\" srcset=\"https:\/\/ferme-cacheterie.com\/cacheterie\/wp-content\/uploads\/2019\/04\/ch4bois_01-1024x768.jpg 1024w, https:\/\/ferme-cacheterie.com\/cacheterie\/wp-content\/uploads\/2019\/04\/ch4bois_01-300x225.jpg 300w, https:\/\/ferme-cacheterie.com\/cacheterie\/wp-content\/uploads\/2019\/04\/ch4bois_01-768x576.jpg 768w, https:\/\/ferme-cacheterie.com\/cacheterie\/wp-content\/uploads\/2019\/04\/ch4bois_01-600x450.jpg 600w, https:\/\/ferme-cacheterie.com\/cacheterie\/wp-content\/uploads\/2019\/04\/ch4bois_01.jpg 1500w\" sizes=\"(max-width: 581px) 100vw, 581px\" \/><figcaption>Coin d\u00e9tente de la chambre Bois<\/figcaption><\/figure><\/div>\n\n\n\n<div class=\"wp-block-image\"><figure class=\"aligncenter is-resized\"><img decoding=\"async\" loading=\"lazy\" src=\"https:\/\/ferme-cacheterie.com\/cacheterie\/wp-content\/uploads\/2019\/04\/ch4bois_04-1024x768.jpg\" alt=\"chambre d'hote \u00e0 la ferme de la cacheterie hebergement \u00e0 la ferme\" class=\"wp-image-465\" width=\"581\" height=\"436\" srcset=\"https:\/\/ferme-cacheterie.com\/cacheterie\/wp-content\/uploads\/2019\/04\/ch4bois_04-1024x768.jpg 1024w, https:\/\/ferme-cacheterie.com\/cacheterie\/wp-content\/uploads\/2019\/04\/ch4bois_04-300x225.jpg 300w, https:\/\/ferme-cacheterie.com\/cacheterie\/wp-content\/uploads\/2019\/04\/ch4bois_04-768x576.jpg 768w, https:\/\/ferme-cacheterie.com\/cacheterie\/wp-content\/uploads\/2019\/04\/ch4bois_04-600x450.jpg 600w, https:\/\/ferme-cacheterie.com\/cacheterie\/wp-content\/uploads\/2019\/04\/ch4bois_04.jpg 1500w\" sizes=\"(max-width: 581px) 100vw, 581px\" \/><figcaption>Second lit de la chambre Laine<\/figcaption><\/figure><\/div>\n","protected":false},"excerpt":{"rendered":"<p>Install\u00e9es dans un b\u00e2timent ind\u00e9pendant, chaque chambre est \u00e9quip\u00e9e d&rsquo;une salle de bain privative et de WC. Situ\u00e9es dans un environnement calme, les chambres d&rsquo;h\u00f4tes de la Ferme de la Cacheterie vous procurent un repos r\u00e9parateur et une tranquillit\u00e9 agr\u00e9able. Vous profiterez du grand jardin et vos enfants pourront jouer avec les balan\u00e7oires ou le [&hellip;]<\/p>\n","protected":false},"author":1,"featured_media":0,"parent":0,"menu_order":0,"comment_status":"closed","ping_status":"closed","template":"","meta":{"_seopress_robots_primary_cat":""},"_links":{"self":[{"href":"https:\/\/ferme-cacheterie.com\/cacheterie\/wp-json\/wp\/v2\/pages\/426"}],"collection":[{"href":"https:\/\/ferme-cacheterie.com\/cacheterie\/wp-json\/wp\/v2\/pages"}],"about":[{"href":"https:\/\/ferme-cacheterie.com\/cacheterie\/wp-json\/wp\/v2\/types\/page"}],"author":[{"embeddable":true,"href":"https:\/\/ferme-cacheterie.com\/cacheterie\/wp-json\/wp\/v2\/users\/1"}],"replies":[{"embeddable":true,"href":"https:\/\/ferme-cacheterie.com\/cacheterie\/wp-json\/wp\/v2\/comments?post=426"}],"version-history":[{"count":10,"href":"https:\/\/ferme-cacheterie.com\/cacheterie\/wp-json\/wp\/v2\/pages\/426\/revisions"}],"predecessor-version":[{"id":995,"href":"https:\/\/ferme-cacheterie.com\/cacheterie\/wp-json\/wp\/v2\/pages\/426\/revisions\/995"}],"wp:attachment":[{"href":"https:\/\/ferme-cacheterie.com\/cacheterie\/wp-json\/wp\/v2\/media?parent=426"}],"curies":[{"name":"wp","href":"https:\/\/api.w.org\/{rel}","templated":true}]}}