{"id":42,"date":"2018-11-19T15:29:20","date_gmt":"2018-11-19T14:29:20","guid":{"rendered":"http:\/\/ferme-cacheterie.com\/cacheterie\/?page_id=42"},"modified":"2025-02-17T11:26:11","modified_gmt":"2025-02-17T10:26:11","slug":"contact","status":"publish","type":"page","link":"https:\/\/ferme-cacheterie.com\/cacheterie\/contact\/","title":{"rendered":"Contact &#038; Plan d&rsquo;acc\u00e8s"},"content":{"rendered":"\n<p><strong>Famille Follet<br>Ferme de la Cacheterie<\/strong><br>2 chemin des P\u00e2tures<br>27480 Fleury-la-For\u00eat<br>Mobile : 06 75 35 37 17<\/p>\n\n\n\n<h4>Envoyez-nous un message<\/h4>\n\n\n\n<p>Mail :&nbsp;<a rel=\"noreferrer noopener\" href=\"mailto:contact@ferme-cacheterie.com\" target=\"_blank\">contact@ferme-cacheterie.com<\/a><\/p>\n\n\n<div class=\"wpforms-container wpforms-container-full\" id=\"wpforms-1047\"><form id=\"wpforms-form-1047\" class=\"wpforms-validate wpforms-form\" data-formid=\"1047\" method=\"post\" enctype=\"multipart\/form-data\" action=\"\/cacheterie\/wp-json\/wp\/v2\/pages\/42\" data-token=\"d330c56d443ee4c3eb6af8b28a4d45ef\"><noscript class=\"wpforms-error-noscript\">Veuillez activer JavaScript dans votre navigateur pour remplir ce formulaire.<\/noscript><div class=\"wpforms-field-container\"><div id=\"wpforms-1047-field_0-container\" class=\"wpforms-field wpforms-field-name\" data-field-id=\"0\"><label class=\"wpforms-field-label\" for=\"wpforms-1047-field_0\">Nom <span class=\"wpforms-required-label\">*<\/span><\/label><div class=\"wpforms-field-row wpforms-field-medium\"><div class=\"wpforms-field-row-block wpforms-first wpforms-one-half\"><input type=\"text\" id=\"wpforms-1047-field_0\" class=\"wpforms-field-name-first wpforms-field-required\" name=\"wpforms[fields][0][first]\" required><label for=\"wpforms-1047-field_0\" class=\"wpforms-field-sublabel after \">Pr\u00e9nom<\/label><\/div><div class=\"wpforms-field-row-block wpforms-one-half\"><input type=\"text\" id=\"wpforms-1047-field_0-last\" class=\"wpforms-field-name-last wpforms-field-required\" name=\"wpforms[fields][0][last]\" required><label for=\"wpforms-1047-field_0-last\" class=\"wpforms-field-sublabel after \">Nom<\/label><\/div><\/div><\/div><div id=\"wpforms-1047-field_1-container\" class=\"wpforms-field wpforms-field-email\" data-field-id=\"1\"><label class=\"wpforms-field-label\" for=\"wpforms-1047-field_1\">E-mail <span class=\"wpforms-required-label\">*<\/span><\/label><input type=\"email\" id=\"wpforms-1047-field_1\" class=\"wpforms-field-medium wpforms-field-required\" name=\"wpforms[fields][1]\" required><\/div><div id=\"wpforms-1047-field_4-container\" class=\"wpforms-field wpforms-field-number\" data-field-id=\"4\"><label class=\"wpforms-field-label\" for=\"wpforms-1047-field_4\">T\u00e9l\u00e9phone<\/label><input type=\"number\" pattern=\"\\d*\" id=\"wpforms-1047-field_4\" class=\"wpforms-field-medium\" name=\"wpforms[fields][4]\" ><\/div><div id=\"wpforms-1047-field_2-container\" class=\"wpforms-field wpforms-field-textarea\" data-field-id=\"2\"><label class=\"wpforms-field-label\" for=\"wpforms-1047-field_2\">Commentaire ou message <span class=\"wpforms-required-label\">*<\/span><\/label><textarea id=\"wpforms-1047-field_2\" class=\"wpforms-field-medium wpforms-field-required\" name=\"wpforms[fields][2]\" required><\/textarea><\/div><\/div><div class=\"wpforms-submit-container\"><input type=\"hidden\" name=\"wpforms[id]\" value=\"1047\"><input type=\"hidden\" name=\"wpforms[author]\" value=\"1\"><button type=\"submit\" name=\"wpforms[submit]\" id=\"wpforms-submit-1047\" class=\"wpforms-submit\" data-alt-text=\"Envoi...\" data-submit-text=\"Envoyer\" aria-live=\"assertive\" value=\"wpforms-submit\">Envoyer<\/button><\/div><\/form><\/div>  <!-- .wpforms-container -->\n\n\n<h4>Plan d&rsquo;acc\u00e8s<\/h4>\n\n\n\n<p>\n\nLa ferme de la Cacheterie est situ\u00e9e au hameau La Boulaye \u00e0 1,5 km du bourg de Fleury la For\u00eat en direction de La Feuillie.<br>Au hameau, l\u2019entr\u00e9e de la ferme est signal\u00e9e par un panneau.\n\n<\/p>\n\n\n\n<iframe loading=\"lazy\" src=\"https:\/\/www.google.com\/maps\/embed?pb=!1m18!1m12!1m3!1d2594.7852191367556!2d1.548258015842926!3d49.43187446810887!2m3!1f0!2f0!3f0!3m2!1i1024!2i768!4f13.1!3m3!1m2!1s0x47e728d5e63228b5%3A0x7a0d43efcc84aa!2sFerme+de+la+Cacheterie!5e0!3m2!1sfr!2sfr!4v1553074958898\" width=\"600\" height=\"450\" frameborder=\"0\" style=\"border:0\" allowfullscreen=\"\"><\/iframe>\n","protected":false},"excerpt":{"rendered":"<p>Famille FolletFerme de la Cacheterie2 chemin des P\u00e2tures27480 Fleury-la-For\u00eatMobile : 06 75 35 37 17 Envoyez-nous un message Mail :&nbsp;contact@ferme-cacheterie.com Plan d&rsquo;acc\u00e8s La ferme de la Cacheterie est situ\u00e9e au hameau La Boulaye \u00e0 1,5 km du bourg de Fleury la For\u00eat en direction de La Feuillie.Au hameau, l\u2019entr\u00e9e de la ferme est signal\u00e9e par [&hellip;]<\/p>\n","protected":false},"author":1,"featured_media":69,"parent":0,"menu_order":0,"comment_status":"closed","ping_status":"closed","template":"","meta":{"_seopress_robots_primary_cat":""},"_links":{"self":[{"href":"https:\/\/ferme-cacheterie.com\/cacheterie\/wp-json\/wp\/v2\/pages\/42"}],"collection":[{"href":"https:\/\/ferme-cacheterie.com\/cacheterie\/wp-json\/wp\/v2\/pages"}],"about":[{"href":"https:\/\/ferme-cacheterie.com\/cacheterie\/wp-json\/wp\/v2\/types\/page"}],"author":[{"embeddable":true,"href":"https:\/\/ferme-cacheterie.com\/cacheterie\/wp-json\/wp\/v2\/users\/1"}],"replies":[{"embeddable":true,"href":"https:\/\/ferme-cacheterie.com\/cacheterie\/wp-json\/wp\/v2\/comments?post=42"}],"version-history":[{"count":16,"href":"https:\/\/ferme-cacheterie.com\/cacheterie\/wp-json\/wp\/v2\/pages\/42\/revisions"}],"predecessor-version":[{"id":1304,"href":"https:\/\/ferme-cacheterie.com\/cacheterie\/wp-json\/wp\/v2\/pages\/42\/revisions\/1304"}],"wp:featuredmedia":[{"embeddable":true,"href":"https:\/\/ferme-cacheterie.com\/cacheterie\/wp-json\/wp\/v2\/media\/69"}],"wp:attachment":[{"href":"https:\/\/ferme-cacheterie.com\/cacheterie\/wp-json\/wp\/v2\/media?parent=42"}],"curies":[{"name":"wp","href":"https:\/\/api.w.org\/{rel}","templated":true}]}}