{"id":260,"date":"2019-03-09T11:54:34","date_gmt":"2019-03-09T10:54:34","guid":{"rendered":"https:\/\/ferme-cacheterie.com\/cacheterie\/?page_id=260"},"modified":"2026-02-16T16:59:10","modified_gmt":"2026-02-16T15:59:10","slug":"ou-trouver-nos-produits","status":"publish","type":"page","link":"https:\/\/ferme-cacheterie.com\/cacheterie\/ou-trouver-nos-produits\/","title":{"rendered":"O\u00f9 trouver nos produits"},"content":{"rendered":"<div class=\"wp-block-image\">\n<figure class=\"alignright is-resized\"><img decoding=\"async\" loading=\"lazy\" src=\"https:\/\/ferme-cacheterie.com\/cacheterie\/wp-content\/uploads\/2019\/03\/IMG_0386-1024x768.jpg\" alt=\"\" class=\"wp-image-376\" width=\"273\" height=\"205\" srcset=\"https:\/\/ferme-cacheterie.com\/cacheterie\/wp-content\/uploads\/2019\/03\/IMG_0386-1024x768.jpg 1024w, https:\/\/ferme-cacheterie.com\/cacheterie\/wp-content\/uploads\/2019\/03\/IMG_0386-300x225.jpg 300w, https:\/\/ferme-cacheterie.com\/cacheterie\/wp-content\/uploads\/2019\/03\/IMG_0386-768x576.jpg 768w, https:\/\/ferme-cacheterie.com\/cacheterie\/wp-content\/uploads\/2019\/03\/IMG_0386-600x450.jpg 600w\" sizes=\"(max-width: 273px) 100vw, 273px\" \/><\/figure><\/div>\n\n\n<p>Les produits fermiers sont disponibles \u00e0 la ferme en fonction des saisons : asperges, oeufs, l\u00e9gumes,etc&#8230;<\/p>\n\n\n\n<h2>Vente \u00e0 la ferme<\/h2>\n\n\n\n<ul>\n<li>Tous les jours au distributeur automatique situ\u00e9 \u00e0 l&rsquo;entr\u00e9e<\/li>\n\n\n\n<li>A la Boutique ( situ\u00e9e dans la cour de la ferme),<\/li>\n<\/ul>\n\n\n<div class=\"wp-block-image\">\n<figure class=\"alignright is-resized\"><img decoding=\"async\" loading=\"lazy\" src=\"https:\/\/ferme-cacheterie.com\/cacheterie\/wp-content\/uploads\/2019\/02\/photo-paris-normandie.jpg\" alt=\"\" class=\"wp-image-206\" width=\"278\" height=\"184\" srcset=\"https:\/\/ferme-cacheterie.com\/cacheterie\/wp-content\/uploads\/2019\/02\/photo-paris-normandie.jpg 634w, https:\/\/ferme-cacheterie.com\/cacheterie\/wp-content\/uploads\/2019\/02\/photo-paris-normandie-300x200.jpg 300w, https:\/\/ferme-cacheterie.com\/cacheterie\/wp-content\/uploads\/2019\/02\/photo-paris-normandie-600x400.jpg 600w\" sizes=\"(max-width: 278px) 100vw, 278px\" \/><\/figure><\/div>\n\n\n<h2 class=\"has-text-align-center\"><strong>Pendant la saison des asperges<\/strong>, <br>d&rsquo;avril \u00e0 mi-juin,  <br><strong>le jeudi<\/strong> :<br>  <strong>de 14h \u00e0 18h<\/strong><\/h2>\n\n\n\n<h2 class=\"has-text-align-center\"><strong>les vendredi et samedi <\/strong>: <\/h2>\n\n\n\n<h2>                                      <strong>de 9h30 \u00e0 12 h et 14h \u00e0 18h<\/strong><\/h2>\n\n\n\n<p class=\"has-text-align-center\">Ferm\u00e9 les dimanche et Jours f\u00e9ri\u00e9s <\/p>\n\n\n\n<p><strong>D&rsquo;autres produits venant de fermes locales vous sont \u00e9galement propos\u00e9s pendant la saison des asperges :  miels, l\u00e9gumes, jus de pommes et de rhubarbe<\/strong><\/p>\n\n\n\n<h3>Disponibilit\u00e9 des produits en fonction des saisons : <\/h3>\n\n\n\n<ul>\n<li><strong>asperges <\/strong>-&gt; d&rsquo;avril \u00e0 juin<\/li>\n\n\n\n<li><strong>oeufs <\/strong>-&gt; toute l&rsquo;ann\u00e9e <\/li>\n\n\n\n<li><\/li>\n\n\n\n<li><\/li>\n\n\n\n<li><\/li>\n<\/ul>\n\n\n\n<figure class=\"is-layout-flex wp-block-gallery-1 wp-block-gallery has-nested-images columns-default is-cropped\">\n<figure class=\"wp-block-image size-large\"><img decoding=\"async\" loading=\"lazy\" width=\"1920\" height=\"2560\" data-id=\"1161\"  src=\"https:\/\/ferme-cacheterie.com\/cacheterie\/wp-content\/uploads\/2022\/03\/courges-scaled.jpg\" alt=\"\" class=\"wp-image-1161\" srcset=\"https:\/\/ferme-cacheterie.com\/cacheterie\/wp-content\/uploads\/2022\/03\/courges-scaled.jpg 1920w, https:\/\/ferme-cacheterie.com\/cacheterie\/wp-content\/uploads\/2022\/03\/courges-225x300.jpg 225w, https:\/\/ferme-cacheterie.com\/cacheterie\/wp-content\/uploads\/2022\/03\/courges-768x1024.jpg 768w, https:\/\/ferme-cacheterie.com\/cacheterie\/wp-content\/uploads\/2022\/03\/courges-1152x1536.jpg 1152w, https:\/\/ferme-cacheterie.com\/cacheterie\/wp-content\/uploads\/2022\/03\/courges-1536x2048.jpg 1536w, https:\/\/ferme-cacheterie.com\/cacheterie\/wp-content\/uploads\/2022\/03\/courges-600x800.jpg 600w\" sizes=\"(max-width: 1920px) 100vw, 1920px\" \/><figcaption class=\"wp-element-caption\">courges<\/figcaption><\/figure>\n\n\n\n<figure class=\"wp-block-image size-large\"><img decoding=\"async\" loading=\"lazy\" width=\"1536\" height=\"2048\" data-id=\"1157\"  src=\"https:\/\/ferme-cacheterie.com\/cacheterie\/wp-content\/uploads\/2022\/03\/asperges-botte.jpg\" alt=\"les asperges de la ferme de la cacheterie\" class=\"wp-image-1157\" srcset=\"https:\/\/ferme-cacheterie.com\/cacheterie\/wp-content\/uploads\/2022\/03\/asperges-botte.jpg 1536w, https:\/\/ferme-cacheterie.com\/cacheterie\/wp-content\/uploads\/2022\/03\/asperges-botte-225x300.jpg 225w, https:\/\/ferme-cacheterie.com\/cacheterie\/wp-content\/uploads\/2022\/03\/asperges-botte-768x1024.jpg 768w, https:\/\/ferme-cacheterie.com\/cacheterie\/wp-content\/uploads\/2022\/03\/asperges-botte-1152x1536.jpg 1152w, https:\/\/ferme-cacheterie.com\/cacheterie\/wp-content\/uploads\/2022\/03\/asperges-botte-600x800.jpg 600w\" sizes=\"(max-width: 1536px) 100vw, 1536px\" \/><figcaption class=\"wp-element-caption\">asperges<\/figcaption><\/figure>\n\n\n\n<figure class=\"wp-block-image size-large\"><img decoding=\"async\" loading=\"lazy\" width=\"1536\" height=\"2048\" data-id=\"1155\"  src=\"https:\/\/ferme-cacheterie.com\/cacheterie\/wp-content\/uploads\/2022\/05\/fraises.jpg\" alt=\"les fraises de la ferme de la cacheterie\" class=\"wp-image-1155\" srcset=\"https:\/\/ferme-cacheterie.com\/cacheterie\/wp-content\/uploads\/2022\/05\/fraises.jpg 1536w, https:\/\/ferme-cacheterie.com\/cacheterie\/wp-content\/uploads\/2022\/05\/fraises-225x300.jpg 225w, https:\/\/ferme-cacheterie.com\/cacheterie\/wp-content\/uploads\/2022\/05\/fraises-768x1024.jpg 768w, https:\/\/ferme-cacheterie.com\/cacheterie\/wp-content\/uploads\/2022\/05\/fraises-1152x1536.jpg 1152w, https:\/\/ferme-cacheterie.com\/cacheterie\/wp-content\/uploads\/2022\/05\/fraises-600x800.jpg 600w\" sizes=\"(max-width: 1536px) 100vw, 1536px\" \/><figcaption class=\"wp-element-caption\">fraises<\/figcaption><\/figure>\n\n\n\n<figure class=\"wp-block-image size-large\"><img decoding=\"async\" loading=\"lazy\" width=\"640\" height=\"480\" data-id=\"1086\"  src=\"https:\/\/ferme-cacheterie.com\/cacheterie\/wp-content\/uploads\/2021\/09\/panier_legumes.jpg\" alt=\"panier de l\u00e9gumes maricher cacheterie fleury la foret\" class=\"wp-image-1086\" srcset=\"https:\/\/ferme-cacheterie.com\/cacheterie\/wp-content\/uploads\/2021\/09\/panier_legumes.jpg 640w, https:\/\/ferme-cacheterie.com\/cacheterie\/wp-content\/uploads\/2021\/09\/panier_legumes-300x225.jpg 300w, https:\/\/ferme-cacheterie.com\/cacheterie\/wp-content\/uploads\/2021\/09\/panier_legumes-600x450.jpg 600w\" sizes=\"(max-width: 640px) 100vw, 640px\" \/><figcaption class=\"wp-element-caption\">l\u00e9gumes d&rsquo;\u00e9t\u00e9<\/figcaption><\/figure>\n\n\n\n<figure class=\"wp-block-image size-large\"><img decoding=\"async\" loading=\"lazy\" width=\"2048\" height=\"1536\" data-id=\"1160\"  src=\"https:\/\/ferme-cacheterie.com\/cacheterie\/wp-content\/uploads\/2022\/03\/asperges-vertes-cuisine.jpg\" alt=\"\" class=\"wp-image-1160\" srcset=\"https:\/\/ferme-cacheterie.com\/cacheterie\/wp-content\/uploads\/2022\/03\/asperges-vertes-cuisine.jpg 2048w, https:\/\/ferme-cacheterie.com\/cacheterie\/wp-content\/uploads\/2022\/03\/asperges-vertes-cuisine-300x225.jpg 300w, https:\/\/ferme-cacheterie.com\/cacheterie\/wp-content\/uploads\/2022\/03\/asperges-vertes-cuisine-1024x768.jpg 1024w, https:\/\/ferme-cacheterie.com\/cacheterie\/wp-content\/uploads\/2022\/03\/asperges-vertes-cuisine-768x576.jpg 768w, https:\/\/ferme-cacheterie.com\/cacheterie\/wp-content\/uploads\/2022\/03\/asperges-vertes-cuisine-1536x1152.jpg 1536w, https:\/\/ferme-cacheterie.com\/cacheterie\/wp-content\/uploads\/2022\/03\/asperges-vertes-cuisine-600x450.jpg 600w\" sizes=\"(max-width: 2048px) 100vw, 2048px\" \/><figcaption class=\"wp-element-caption\">asperges<\/figcaption><\/figure>\n<figcaption class=\"blocks-gallery-caption wp-element-caption\">Produits fermiers en vente directe \u00e0 la ferme de la Cacheterie<\/figcaption><\/figure>\n","protected":false},"excerpt":{"rendered":"<p>Les produits fermiers sont disponibles \u00e0 la ferme en fonction des saisons : asperges, oeufs, l\u00e9gumes,etc&#8230; Vente \u00e0 la ferme Pendant la saison des asperges, d&rsquo;avril \u00e0 mi-juin, le jeudi : de 14h \u00e0 18h les vendredi et samedi : de 9h30 \u00e0 12 h et 14h \u00e0 18h Ferm\u00e9 les dimanche et Jours f\u00e9ri\u00e9s [&hellip;]<\/p>\n","protected":false},"author":1,"featured_media":0,"parent":0,"menu_order":0,"comment_status":"closed","ping_status":"closed","template":"","meta":{"_seopress_robots_primary_cat":""},"_links":{"self":[{"href":"https:\/\/ferme-cacheterie.com\/cacheterie\/wp-json\/wp\/v2\/pages\/260"}],"collection":[{"href":"https:\/\/ferme-cacheterie.com\/cacheterie\/wp-json\/wp\/v2\/pages"}],"about":[{"href":"https:\/\/ferme-cacheterie.com\/cacheterie\/wp-json\/wp\/v2\/types\/page"}],"author":[{"embeddable":true,"href":"https:\/\/ferme-cacheterie.com\/cacheterie\/wp-json\/wp\/v2\/users\/1"}],"replies":[{"embeddable":true,"href":"https:\/\/ferme-cacheterie.com\/cacheterie\/wp-json\/wp\/v2\/comments?post=260"}],"version-history":[{"count":28,"href":"https:\/\/ferme-cacheterie.com\/cacheterie\/wp-json\/wp\/v2\/pages\/260\/revisions"}],"predecessor-version":[{"id":1332,"href":"https:\/\/ferme-cacheterie.com\/cacheterie\/wp-json\/wp\/v2\/pages\/260\/revisions\/1332"}],"wp:attachment":[{"href":"https:\/\/ferme-cacheterie.com\/cacheterie\/wp-json\/wp\/v2\/media?parent=260"}],"curies":[{"name":"wp","href":"https:\/\/api.w.org\/{rel}","templated":true}]}}