{"id":26,"date":"2018-11-19T15:25:08","date_gmt":"2018-11-19T14:25:08","guid":{"rendered":"http:\/\/ferme-cacheterie.com\/cacheterie\/?page_id=26"},"modified":"2026-02-16T16:57:28","modified_gmt":"2026-02-16T15:57:28","slug":"la-ferme","status":"publish","type":"page","link":"https:\/\/ferme-cacheterie.com\/cacheterie\/la-ferme\/","title":{"rendered":"La Ferme"},"content":{"rendered":"<h2>Bienvenue en Normandie !<\/h2>\n<p><img decoding=\"async\" loading=\"lazy\" class=\"alignright\" src=\"http:\/\/ferme-cacheterie.com\/uploads\/images\/logo_BVF.gif\" alt=\"\" width=\"50\" height=\"57\" \/>Situ\u00e9e dans l\u2019Eure, entre le Vexin et le pays de Bray, dans le pays de Lyons,\u00a0<strong>au coeur\u00a0de la for\u00eat de Lyons-la-For\u00eat<\/strong>, l&rsquo;exploitation agricole produit des asperges, des c\u00e9r\u00e9ales, et des poules pondeuses en plein air.<\/p>\n<p>Les produits (Asperges, oeufs) sont propos\u00e9s en vente directe \u00e0 la ferme. La disponibilit\u00e9 des produits varie selon la saison (asperges au printemps, oeufs toute l&rsquo;ann\u00e9e).<\/p>\n<p>N&rsquo;h\u00e9sitez pas \u00e0 <a href=\"https:\/\/ferme-cacheterie.com\/cacheterie\/contact\/\">nous contacter<\/a> pour en savoir plus.<\/p>\n<h3><a href=\"https:\/\/ferme-cacheterie.com\/cacheterie\/ou-trouver-nos-produits\/\"><strong>Horaires de vente \u00e0 la ferme : \u00e0 retrouver sur cette page<\/strong><\/a><\/h3>\n<h3>Nous situer<\/h3>\n<p>La ferme se situe dans <strong>l&rsquo;Eure<\/strong>, en limite de\u00a0<strong>Seine-Maritime<\/strong>.\u00a0 Les liens en bas de page vers les offices du tourisme vous permettront de trouver ces informations.<\/p>\n<figure id=\"attachment_985\" aria-describedby=\"caption-attachment-985\" style=\"width: 150px\" class=\"wp-caption alignright\"><img decoding=\"async\" loading=\"lazy\" class=\"wp-image-985 size-thumbnail\" src=\"https:\/\/ferme-cacheterie.com\/cacheterie\/wp-content\/uploads\/2021\/02\/CH-LIN-150x150.jpg\" alt=\"Chambres d'h\u00f4tes \u00e0 la ferme de la Cacheterie\" width=\"150\" height=\"150\" srcset=\"https:\/\/ferme-cacheterie.com\/cacheterie\/wp-content\/uploads\/2021\/02\/CH-LIN-150x150.jpg 150w, https:\/\/ferme-cacheterie.com\/cacheterie\/wp-content\/uploads\/2021\/02\/CH-LIN-510x510.jpg 510w, https:\/\/ferme-cacheterie.com\/cacheterie\/wp-content\/uploads\/2021\/02\/CH-LIN-300x300.jpg 300w, https:\/\/ferme-cacheterie.com\/cacheterie\/wp-content\/uploads\/2021\/02\/CH-LIN-100x100.jpg 100w\" sizes=\"(max-width: 150px) 100vw, 150px\" \/><figcaption id=\"caption-attachment-985\" class=\"wp-caption-text\">Chambres d&rsquo;h\u00f4tes \u00e0 la ferme de la Cacheterie<\/figcaption><\/figure>\n<h2><a href=\"http:\/\/www.gites-de-france-eure.com\/\" target=\"_blank\" rel=\"noopener noreferrer\"><img decoding=\"async\" loading=\"lazy\" class=\"alignright\" src=\"http:\/\/ferme-cacheterie.com\/uploads\/images\/logo_GDF.gif\" alt=\"Gites de France\" width=\"53\" height=\"53\" \/><\/a>Les chambres d\u2019h\u00f4tes \u00e0 la ferme<\/h2>\n<p><strong>Cinq chambres d\u2019h\u00f4tes labellis\u00e9es G\u00eete de France 3 \u00e9pis<\/strong> sont \u00e0 louer pour vos s\u00e9jours en Normandie. Une chambre au rez-de-chauss\u00e9e est adapt\u00e9e pour accueillir des personnes \u00e0 mobilit\u00e9 r\u00e9duite. 14 personnes peuvent \u00eatre h\u00e9berg\u00e9es. Un grand s\u00e9jour \u00e9quip\u00e9 d&rsquo;une t\u00e9l\u00e9vision, et d&rsquo;une cuisine pour pr\u00e9parer des repas est d\u00e9di\u00e9 \u00e0 nos visiteurs pour le d\u00eener, le d\u00e9jeuner ou pour se d\u00e9tendre.<\/p>\n<h1>Les produits fermiers<\/h1>\n<figure id=\"attachment_412\" aria-describedby=\"caption-attachment-412\" style=\"width: 150px\" class=\"wp-caption alignright\"><img decoding=\"async\" loading=\"lazy\" class=\"wp-image-412 size-thumbnail\" src=\"https:\/\/ferme-cacheterie.com\/cacheterie\/wp-content\/uploads\/2019\/02\/asperges_pointes-150x150.jpg\" alt=\"\" width=\"150\" height=\"150\" srcset=\"https:\/\/ferme-cacheterie.com\/cacheterie\/wp-content\/uploads\/2019\/02\/asperges_pointes-150x150.jpg 150w, https:\/\/ferme-cacheterie.com\/cacheterie\/wp-content\/uploads\/2019\/02\/asperges_pointes-510x510.jpg 510w, https:\/\/ferme-cacheterie.com\/cacheterie\/wp-content\/uploads\/2019\/02\/asperges_pointes-300x300.jpg 300w, https:\/\/ferme-cacheterie.com\/cacheterie\/wp-content\/uploads\/2019\/02\/asperges_pointes-100x100.jpg 100w\" sizes=\"(max-width: 150px) 100vw, 150px\" \/><figcaption id=\"caption-attachment-412\" class=\"wp-caption-text\">Les pointes d&rsquo;asperges<\/figcaption><\/figure>\n<h2>Les asperges<\/h2>\n<p>La Ferme de la Cacheterie produit des asperges en plein champ. La saison d\u00e9marre en avril chaque ann\u00e9e et les asperges sont propos\u00e9es en vente directe \u00e0 la ferme.<\/p>\n<h2>Les poules et les oeufs<\/h2>\n<p>Les poules sont \u00e9lev\u00e9es en plein air. Elles ont acc\u00e8s \u00e0 un parcours herbager de 2ha et\u00a0 rentrent au poulailler chaque soir.<\/p>\n<p>Les oeufs sont ramass\u00e9s chaque jour et\u00a0 sont propos\u00e9s, extra-frais, dans le distributeur automatique situ\u00e9 \u00e0 l&rsquo;entr\u00e9e de la ferme.<\/p>\n","protected":false},"excerpt":{"rendered":"<p>Bienvenue en Normandie ! Situ\u00e9e dans l\u2019Eure, entre le Vexin et le pays de Bray, dans le pays de Lyons,\u00a0au coeur\u00a0de la for\u00eat de Lyons-la-For\u00eat, l&rsquo;exploitation agricole produit des asperges, des c\u00e9r\u00e9ales, et des poules pondeuses en plein air. Les produits (Asperges, oeufs) sont propos\u00e9s en vente directe \u00e0 la ferme. La disponibilit\u00e9 des produits [&hellip;]<\/p>\n","protected":false},"author":1,"featured_media":72,"parent":0,"menu_order":0,"comment_status":"closed","ping_status":"closed","template":"","meta":{"_seopress_robots_primary_cat":""},"_links":{"self":[{"href":"https:\/\/ferme-cacheterie.com\/cacheterie\/wp-json\/wp\/v2\/pages\/26"}],"collection":[{"href":"https:\/\/ferme-cacheterie.com\/cacheterie\/wp-json\/wp\/v2\/pages"}],"about":[{"href":"https:\/\/ferme-cacheterie.com\/cacheterie\/wp-json\/wp\/v2\/types\/page"}],"author":[{"embeddable":true,"href":"https:\/\/ferme-cacheterie.com\/cacheterie\/wp-json\/wp\/v2\/users\/1"}],"replies":[{"embeddable":true,"href":"https:\/\/ferme-cacheterie.com\/cacheterie\/wp-json\/wp\/v2\/comments?post=26"}],"version-history":[{"count":32,"href":"https:\/\/ferme-cacheterie.com\/cacheterie\/wp-json\/wp\/v2\/pages\/26\/revisions"}],"predecessor-version":[{"id":1330,"href":"https:\/\/ferme-cacheterie.com\/cacheterie\/wp-json\/wp\/v2\/pages\/26\/revisions\/1330"}],"wp:featuredmedia":[{"embeddable":true,"href":"https:\/\/ferme-cacheterie.com\/cacheterie\/wp-json\/wp\/v2\/media\/72"}],"wp:attachment":[{"href":"https:\/\/ferme-cacheterie.com\/cacheterie\/wp-json\/wp\/v2\/media?parent=26"}],"curies":[{"name":"wp","href":"https:\/\/api.w.org\/{rel}","templated":true}]}}