{"id":22,"date":"2018-11-19T15:21:20","date_gmt":"2018-11-19T14:21:20","guid":{"rendered":"http:\/\/ferme-cacheterie.com\/cacheterie\/?page_id=22"},"modified":"2021-02-10T19:03:13","modified_gmt":"2021-02-10T18:03:13","slug":"disponibilites-des-chambres-dhotes","status":"publish","type":"page","link":"https:\/\/ferme-cacheterie.com\/cacheterie\/disponibilites-des-chambres-dhotes\/","title":{"rendered":"Disponibilit\u00e9s des chambres d&rsquo;h\u00f4tes"},"content":{"rendered":"<p>Consultez les disponibilit\u00e9s des chambres d&rsquo;h\u00f4tes \u00e0 la Ferme de la Cacheterie.<\/p>\n<p>N&rsquo;h\u00e9sitez pas \u00e0 nous contacter au 06 75 35 37 17 ou au 02 32 48 01 26 pour plus de renseignements.<\/p>\n<p><iframe loading=\"lazy\" style=\"border-width: 0;\" src=\"https:\/\/www.google.com\/calendar\/embed?showTitle=0&amp;showPrint=0&amp;showTabs=0&amp;showCalendars=0&amp;height=600&amp;wkst=2&amp;hl=fr&amp;bgcolor=%23FFFFFF&amp;src=follet.lefever.nathalie%40gmail.com&amp;color=%232952A3&amp;ctz=Europe%2FParis\" width=\"700\" height=\"600\" frameborder=\"0\" scrolling=\"no\"><\/iframe><\/p>\n","protected":false},"excerpt":{"rendered":"<p>Consultez les disponibilit\u00e9s des chambres d&rsquo;h\u00f4tes \u00e0 la Ferme de la Cacheterie. N&rsquo;h\u00e9sitez pas \u00e0 nous contacter au 06 75 35 37 17 ou au 02 32 48 01 26 pour plus de renseignements.<\/p>\n","protected":false},"author":1,"featured_media":981,"parent":0,"menu_order":0,"comment_status":"closed","ping_status":"closed","template":"","meta":{"_seopress_robots_primary_cat":""},"_links":{"self":[{"href":"https:\/\/ferme-cacheterie.com\/cacheterie\/wp-json\/wp\/v2\/pages\/22"}],"collection":[{"href":"https:\/\/ferme-cacheterie.com\/cacheterie\/wp-json\/wp\/v2\/pages"}],"about":[{"href":"https:\/\/ferme-cacheterie.com\/cacheterie\/wp-json\/wp\/v2\/types\/page"}],"author":[{"embeddable":true,"href":"https:\/\/ferme-cacheterie.com\/cacheterie\/wp-json\/wp\/v2\/users\/1"}],"replies":[{"embeddable":true,"href":"https:\/\/ferme-cacheterie.com\/cacheterie\/wp-json\/wp\/v2\/comments?post=22"}],"version-history":[{"count":4,"href":"https:\/\/ferme-cacheterie.com\/cacheterie\/wp-json\/wp\/v2\/pages\/22\/revisions"}],"predecessor-version":[{"id":249,"href":"https:\/\/ferme-cacheterie.com\/cacheterie\/wp-json\/wp\/v2\/pages\/22\/revisions\/249"}],"wp:featuredmedia":[{"embeddable":true,"href":"https:\/\/ferme-cacheterie.com\/cacheterie\/wp-json\/wp\/v2\/media\/981"}],"wp:attachment":[{"href":"https:\/\/ferme-cacheterie.com\/cacheterie\/wp-json\/wp\/v2\/media?parent=22"}],"curies":[{"name":"wp","href":"https:\/\/api.w.org\/{rel}","templated":true}]}}