{"id":19,"date":"2018-11-19T15:18:59","date_gmt":"2018-11-19T14:18:59","guid":{"rendered":"http:\/\/ferme-cacheterie.com\/cacheterie\/?page_id=19"},"modified":"2026-02-16T17:04:55","modified_gmt":"2026-02-16T16:04:55","slug":"la-laine","status":"publish","type":"page","link":"https:\/\/ferme-cacheterie.com\/cacheterie\/la-laine\/","title":{"rendered":""},"content":{"rendered":"<table style=\"height: 9px;\" width=\"5\">\n<tbody>\n<tr>\n<td>\u00a0<\/td>\n<td>\u00a0<\/td>\n<td>\u00a0<\/td>\n<\/tr>\n<tr>\n<td>\u00a0<\/td>\n<td>\u00a0<\/td>\n<td>\u00a0<\/td>\n<\/tr>\n<tr>\n<td>\u00a0<\/td>\n<td>\u00a0<\/td>\n<td>\u00a0<\/td>\n<\/tr>\n<tr>\n<td>\u00a0<\/td>\n<td>\u00a0<\/td>\n<td>\u00a0<\/td>\n<\/tr>\n<tr>\n<td>\u00a0<\/td>\n<td>\u00a0<\/td>\n<td>\u00a0<\/td>\n<\/tr>\n<tr>\n<td>\u00a0<\/td>\n<td>\u00a0<\/td>\n<td>\u00a0<\/td>\n<\/tr>\n<tr>\n<td>\u00a0<\/td>\n<td>\u00a0<\/td>\n<td>\u00a0<\/td>\n<\/tr>\n<tr>\n<td>\u00a0<\/td>\n<td>\u00a0<\/td>\n<td>\u00a0<\/td>\n<\/tr>\n<tr>\n<td>\u00a0<\/td>\n<td>\u00a0<\/td>\n<\/tr>\n<tr>\n<td>\u00a0<\/td>\n<td>\u00a0<\/td>\n<td>\u00a0<\/td>\n<\/tr>\n<tr>\n<td>\u00a0<\/td>\n<td>\u00a0<\/td>\n<td>\u00a0<\/td>\n<\/tr>\n<tr>\n<td>\u00a0<\/td>\n<td>\u00a0<\/td>\n<td>\u00a0<\/td>\n<\/tr>\n<tr>\n<td>\u00a0<\/td>\n<td>\u00a0<\/td>\n<td>\u00a0<\/td>\n<\/tr>\n<\/tbody>\n<\/table>\n<p><img decoding=\"async\" loading=\"lazy\" src=\"http:\/\/ferme-cacheterie.com\/uploads\/images\/IMG_1692.JPG\" alt=\"\" width=\"160\" height=\"120\" \/><\/p>\n\n\n<p>La laine est fil\u00e9e et teint\u00e9e&nbsp; par la&nbsp;<a rel=\"noreferrer noopener\" href=\"http:\/\/www.filature-terrade.fr\/\" target=\"_blank\">filature&nbsp;<\/a>Fonty,&nbsp; entreprise fran\u00e7aise.<\/p>\n\n\n\n<ul>\n<li> <em><strong>Echeveaux ou Articles finis en pure laine (B\u00e9b\u00e9s, Enfants, Adultes&#8230;)<\/strong><\/em><br><\/li>\n\n\n\n<li><strong>Le 7\u00e8me \u00e9cheveau est offert&nbsp;<\/strong>pour tout achat de laine de couleur.<\/li>\n<\/ul>\n\n\n\n<h4><a href=\"https:\/\/ferme-cacheterie.com\/cacheterie\/contact\/\">Un renseignement, une commande, contactez-nous<\/a><\/h4>\n\n\n\n<p><\/p>\n","protected":false},"excerpt":{"rendered":"<p>\u00a0 \u00a0 \u00a0 \u00a0 \u00a0 \u00a0 \u00a0 \u00a0 \u00a0 \u00a0 \u00a0 \u00a0 \u00a0 \u00a0 \u00a0 \u00a0 \u00a0 \u00a0 \u00a0 \u00a0 \u00a0 \u00a0 \u00a0 \u00a0 \u00a0 \u00a0 \u00a0 \u00a0 \u00a0 \u00a0 \u00a0 \u00a0 \u00a0 \u00a0 \u00a0 \u00a0 \u00a0 \u00a0 La laine est fil\u00e9e et teint\u00e9e&nbsp; par la&nbsp;filature&nbsp;Fonty,&nbsp; entreprise fran\u00e7aise. Un renseignement, une commande, contactez-nous<\/p>\n","protected":false},"author":1,"featured_media":73,"parent":0,"menu_order":0,"comment_status":"closed","ping_status":"closed","template":"","meta":{"_seopress_robots_primary_cat":""},"_links":{"self":[{"href":"https:\/\/ferme-cacheterie.com\/cacheterie\/wp-json\/wp\/v2\/pages\/19"}],"collection":[{"href":"https:\/\/ferme-cacheterie.com\/cacheterie\/wp-json\/wp\/v2\/pages"}],"about":[{"href":"https:\/\/ferme-cacheterie.com\/cacheterie\/wp-json\/wp\/v2\/types\/page"}],"author":[{"embeddable":true,"href":"https:\/\/ferme-cacheterie.com\/cacheterie\/wp-json\/wp\/v2\/users\/1"}],"replies":[{"embeddable":true,"href":"https:\/\/ferme-cacheterie.com\/cacheterie\/wp-json\/wp\/v2\/comments?post=19"}],"version-history":[{"count":19,"href":"https:\/\/ferme-cacheterie.com\/cacheterie\/wp-json\/wp\/v2\/pages\/19\/revisions"}],"predecessor-version":[{"id":1334,"href":"https:\/\/ferme-cacheterie.com\/cacheterie\/wp-json\/wp\/v2\/pages\/19\/revisions\/1334"}],"wp:featuredmedia":[{"embeddable":true,"href":"https:\/\/ferme-cacheterie.com\/cacheterie\/wp-json\/wp\/v2\/media\/73"}],"wp:attachment":[{"href":"https:\/\/ferme-cacheterie.com\/cacheterie\/wp-json\/wp\/v2\/media?parent=19"}],"curies":[{"name":"wp","href":"https:\/\/api.w.org\/{rel}","templated":true}]}}