{"id":17,"date":"2018-11-19T15:17:20","date_gmt":"2018-11-19T14:17:20","guid":{"rendered":"http:\/\/ferme-cacheterie.com\/cacheterie\/?page_id=17"},"modified":"2025-02-17T11:36:04","modified_gmt":"2025-02-17T10:36:04","slug":"les-oeufs","status":"publish","type":"page","link":"https:\/\/ferme-cacheterie.com\/cacheterie\/les-oeufs\/","title":{"rendered":"Les oeufs"},"content":{"rendered":"<p><img decoding=\"async\" loading=\"lazy\" class=\"size-medium wp-image-76 alignright\" src=\"https:\/\/ferme-cacheterie.com\/cacheterie\/wp-content\/uploads\/2018\/11\/oeufs01-300x300.jpg\" alt=\"\" width=\"300\" height=\"300\" srcset=\"https:\/\/ferme-cacheterie.com\/cacheterie\/wp-content\/uploads\/2018\/11\/oeufs01-300x300.jpg 300w, https:\/\/ferme-cacheterie.com\/cacheterie\/wp-content\/uploads\/2018\/11\/oeufs01-100x100.jpg 100w, https:\/\/ferme-cacheterie.com\/cacheterie\/wp-content\/uploads\/2018\/11\/oeufs01-150x150.jpg 150w, https:\/\/ferme-cacheterie.com\/cacheterie\/wp-content\/uploads\/2018\/11\/oeufs01.jpg 480w\" sizes=\"(max-width: 300px) 100vw, 300px\" \/><\/p>\n<p>La Ferme de la Cacheterie produit des oeufs de poules \u00e9lev\u00e9es en plein air.<\/p>\n<p><strong>Les poules pondeuses<\/strong> sont \u00e9lev\u00e9es en plein air dans un parc herbager de 2ha. Leurs \u0153ufs sont disponibles toute l\u2019ann\u00e9e.<\/p>\n<h2>Vente \u00e0 la ferme<\/h2>\n<p>Retrouvez les oeufs tous les jours dans le distributeur automatique situ\u00e9 \u00e0 l&rsquo;entr\u00e9e de la ferme.<\/p>\n<h2><strong><img decoding=\"async\" loading=\"lazy\" class=\"alignright\" src=\"http:\/\/ferme-cacheterie.com\/uploads\/images\/oeufs_02.jpg\" alt=\"oeufs plein air\" width=\"200\" height=\"134\" \/><\/strong><\/h2>\n<p><img decoding=\"async\" loading=\"lazy\" src=\"http:\/\/ferme-cacheterie.com\/uploads\/images\/poules_07.jpg\" alt=\"Poules pondeuses en plein air\" width=\"450\" height=\"360\" \/><\/p>\n","protected":false},"excerpt":{"rendered":"<p>La Ferme de la Cacheterie produit des oeufs de poules \u00e9lev\u00e9es en plein air. Les poules pondeuses sont \u00e9lev\u00e9es en plein air dans un parc herbager de 2ha. Leurs \u0153ufs sont disponibles toute l\u2019ann\u00e9e. Vente \u00e0 la ferme Retrouvez les oeufs tous les jours dans le distributeur automatique situ\u00e9 \u00e0 l&rsquo;entr\u00e9e de la ferme.<\/p>\n","protected":false},"author":1,"featured_media":77,"parent":0,"menu_order":0,"comment_status":"closed","ping_status":"closed","template":"","meta":{"_seopress_robots_primary_cat":""},"_links":{"self":[{"href":"https:\/\/ferme-cacheterie.com\/cacheterie\/wp-json\/wp\/v2\/pages\/17"}],"collection":[{"href":"https:\/\/ferme-cacheterie.com\/cacheterie\/wp-json\/wp\/v2\/pages"}],"about":[{"href":"https:\/\/ferme-cacheterie.com\/cacheterie\/wp-json\/wp\/v2\/types\/page"}],"author":[{"embeddable":true,"href":"https:\/\/ferme-cacheterie.com\/cacheterie\/wp-json\/wp\/v2\/users\/1"}],"replies":[{"embeddable":true,"href":"https:\/\/ferme-cacheterie.com\/cacheterie\/wp-json\/wp\/v2\/comments?post=17"}],"version-history":[{"count":6,"href":"https:\/\/ferme-cacheterie.com\/cacheterie\/wp-json\/wp\/v2\/pages\/17\/revisions"}],"predecessor-version":[{"id":1309,"href":"https:\/\/ferme-cacheterie.com\/cacheterie\/wp-json\/wp\/v2\/pages\/17\/revisions\/1309"}],"wp:featuredmedia":[{"embeddable":true,"href":"https:\/\/ferme-cacheterie.com\/cacheterie\/wp-json\/wp\/v2\/media\/77"}],"wp:attachment":[{"href":"https:\/\/ferme-cacheterie.com\/cacheterie\/wp-json\/wp\/v2\/media?parent=17"}],"curies":[{"name":"wp","href":"https:\/\/api.w.org\/{rel}","templated":true}]}}