{"id":13,"date":"2018-11-19T15:16:21","date_gmt":"2018-11-19T14:16:21","guid":{"rendered":"http:\/\/ferme-cacheterie.com\/cacheterie\/?page_id=13"},"modified":"2021-09-26T21:56:16","modified_gmt":"2021-09-26T19:56:16","slug":"la-viande-dagneau","status":"publish","type":"page","link":"https:\/\/ferme-cacheterie.com\/cacheterie\/la-viande-dagneau\/","title":{"rendered":"La viande d&rsquo;agneau"},"content":{"rendered":"<p><img decoding=\"async\" loading=\"lazy\" class=\"alignright\" src=\"http:\/\/ferme-cacheterie.com\/uploads\/images\/moutons_pre03.jpg\" alt=\"\" width=\"150\" height=\"112\"><\/p>\n\n\n<p>La ferme de la Cacheterie a cess\u00e9 l&rsquo;\u00e9levage de brebis et moutons.<\/p>\n\n\n\n<p class=\"has-text-align-center\"><strong><a href=\"https:\/\/ferme-cacheterie.com\/cacheterie\/archives-la-viande-dagneau\/\" data-type=\"page\" data-id=\"1069\">La viande d&rsquo;agneau n&rsquo;est plus disponible \u00e0 la vente.<\/a><\/strong><\/p>\n\n\n\n<p>Nous proposons toujours la <a href=\"https:\/\/ferme-cacheterie.com\/cacheterie\/produit\/asperges-pointes-le-must\/\" data-type=\"product\" data-id=\"161\">vente d&rsquo;asperges<\/a> et d&rsquo;autres l\u00e9gumes de saison.<\/p>\n\n\n\n<p class=\"has-text-align-center\"><a href=\"https:\/\/ferme-cacheterie.com\/cacheterie\/contact\/\" data-type=\"page\" data-id=\"42\"><strong>Contactez-nous<\/strong><\/a><\/p>\n","protected":false},"excerpt":{"rendered":"<p>La ferme de la Cacheterie a cess\u00e9 l&rsquo;\u00e9levage de brebis et moutons. La viande d&rsquo;agneau n&rsquo;est plus disponible \u00e0 la vente. Nous proposons toujours la vente d&rsquo;asperges et d&rsquo;autres l\u00e9gumes de saison. Contactez-nous<\/p>\n","protected":false},"author":1,"featured_media":65,"parent":0,"menu_order":0,"comment_status":"closed","ping_status":"closed","template":"","meta":{"_seopress_robots_primary_cat":""},"_links":{"self":[{"href":"https:\/\/ferme-cacheterie.com\/cacheterie\/wp-json\/wp\/v2\/pages\/13"}],"collection":[{"href":"https:\/\/ferme-cacheterie.com\/cacheterie\/wp-json\/wp\/v2\/pages"}],"about":[{"href":"https:\/\/ferme-cacheterie.com\/cacheterie\/wp-json\/wp\/v2\/types\/page"}],"author":[{"embeddable":true,"href":"https:\/\/ferme-cacheterie.com\/cacheterie\/wp-json\/wp\/v2\/users\/1"}],"replies":[{"embeddable":true,"href":"https:\/\/ferme-cacheterie.com\/cacheterie\/wp-json\/wp\/v2\/comments?post=13"}],"version-history":[{"count":13,"href":"https:\/\/ferme-cacheterie.com\/cacheterie\/wp-json\/wp\/v2\/pages\/13\/revisions"}],"predecessor-version":[{"id":1078,"href":"https:\/\/ferme-cacheterie.com\/cacheterie\/wp-json\/wp\/v2\/pages\/13\/revisions\/1078"}],"wp:featuredmedia":[{"embeddable":true,"href":"https:\/\/ferme-cacheterie.com\/cacheterie\/wp-json\/wp\/v2\/media\/65"}],"wp:attachment":[{"href":"https:\/\/ferme-cacheterie.com\/cacheterie\/wp-json\/wp\/v2\/media?parent=13"}],"curies":[{"name":"wp","href":"https:\/\/api.w.org\/{rel}","templated":true}]}}