{"id":1186,"date":"2022-05-26T16:30:04","date_gmt":"2022-05-26T14:30:04","guid":{"rendered":"https:\/\/ferme-cacheterie.com\/cacheterie\/?page_id=1186"},"modified":"2026-02-16T17:19:03","modified_gmt":"2026-02-16T16:19:03","slug":"le-maraichage","status":"publish","type":"page","link":"https:\/\/ferme-cacheterie.com\/cacheterie\/le-maraichage\/","title":{"rendered":"Le distributeur"},"content":{"rendered":"<div class=\"wp-block-image\">\n<figure class=\"alignright size-medium\"><img decoding=\"async\" loading=\"lazy\" width=\"300\" height=\"225\" src=\"https:\/\/ferme-cacheterie.com\/cacheterie\/wp-content\/uploads\/2022\/05\/distributeur2-300x225.jpg\" alt=\"\" class=\"wp-image-1193\" srcset=\"https:\/\/ferme-cacheterie.com\/cacheterie\/wp-content\/uploads\/2022\/05\/distributeur2-300x225.jpg 300w, https:\/\/ferme-cacheterie.com\/cacheterie\/wp-content\/uploads\/2022\/05\/distributeur2-768x576.jpg 768w, https:\/\/ferme-cacheterie.com\/cacheterie\/wp-content\/uploads\/2022\/05\/distributeur2-600x450.jpg 600w, https:\/\/ferme-cacheterie.com\/cacheterie\/wp-content\/uploads\/2022\/05\/distributeur2.jpg 960w\" sizes=\"(max-width: 300px) 100vw, 300px\" \/><figcaption class=\"wp-element-caption\">Distributeur de produits fermiers \u00e0 l&rsquo;entr\u00e9e de la ferme<\/figcaption><\/figure><\/div>\n\n\n<p>Tout au long de l&rsquo;ann\u00e9e, quelques produits de saison sont propos\u00e9s au distributeur situ\u00e9 \u00e0 l&rsquo;entr\u00e9e de la ferme. Jus de pommes, jus de rhubarbe&#8230;<\/p>\n\n\n\n<p><\/p>\n\n\n\n<p><\/p>\n\n\n\n<figure class=\"is-layout-flex wp-block-gallery-1 wp-block-gallery has-nested-images columns-default is-cropped\"><\/figure>\n","protected":false},"excerpt":{"rendered":"<p>Tout au long de l&rsquo;ann\u00e9e, quelques produits de saison sont propos\u00e9s au distributeur situ\u00e9 \u00e0 l&rsquo;entr\u00e9e de la ferme. Jus de pommes, jus de rhubarbe&#8230;<\/p>\n","protected":false},"author":1,"featured_media":0,"parent":0,"menu_order":0,"comment_status":"closed","ping_status":"closed","template":"","meta":{"_seopress_robots_primary_cat":""},"_links":{"self":[{"href":"https:\/\/ferme-cacheterie.com\/cacheterie\/wp-json\/wp\/v2\/pages\/1186"}],"collection":[{"href":"https:\/\/ferme-cacheterie.com\/cacheterie\/wp-json\/wp\/v2\/pages"}],"about":[{"href":"https:\/\/ferme-cacheterie.com\/cacheterie\/wp-json\/wp\/v2\/types\/page"}],"author":[{"embeddable":true,"href":"https:\/\/ferme-cacheterie.com\/cacheterie\/wp-json\/wp\/v2\/users\/1"}],"replies":[{"embeddable":true,"href":"https:\/\/ferme-cacheterie.com\/cacheterie\/wp-json\/wp\/v2\/comments?post=1186"}],"version-history":[{"count":10,"href":"https:\/\/ferme-cacheterie.com\/cacheterie\/wp-json\/wp\/v2\/pages\/1186\/revisions"}],"predecessor-version":[{"id":1335,"href":"https:\/\/ferme-cacheterie.com\/cacheterie\/wp-json\/wp\/v2\/pages\/1186\/revisions\/1335"}],"wp:attachment":[{"href":"https:\/\/ferme-cacheterie.com\/cacheterie\/wp-json\/wp\/v2\/media?parent=1186"}],"curies":[{"name":"wp","href":"https:\/\/api.w.org\/{rel}","templated":true}]}}